{"id":7931,"date":"2026-03-20T00:00:00","date_gmt":"2026-03-20T00:00:00","guid":{"rendered":"https:\/\/stripclubsbarcelona.club\/product\/reservar-despedida-de-soltera-barcelona-mesa-vip-botellas-y-experiencia-exclusiva\/"},"modified":"2026-04-22T05:25:35","modified_gmt":"2026-04-22T05:25:35","slug":"despedida-de-soltera-barcelona","status":"publish","type":"product","link":"https:\/\/stripclubsbarcelona.club\/es\/producto\/despedida-de-soltera-barcelona\/","title":{"rendered":"Reservar Despedida de Soltera Barcelona \u2013 Mesa VIP, Botellas y Experiencia Exclusiva"},"content":{"rendered":"<h2>Paquete Despedida de Soltera Barcelona Experiencia VIP Incluida<\/h2>\n<p>\u00bfQuieres reservar una despedida de soltera en Barcelona? Este paquete VIP est\u00e1 dise\u00f1ado para mujeres que buscan una noche divertida, exclusiva e inolvidable.<\/p>\n<p>Disfruta de acceso VIP, servicio de botellas y una experiencia totalmente organizada para despedidas de soltera en Barcelona.<\/p>\n<h2>Qu\u00e9 Incluye Tu Reserva<\/h2>\n<ul>\n<li>\u2714 Reserva de mesa VIP<\/li>\n<li>\u2714 Servicio de botellas (incluido seg\u00fan tama\u00f1o del grupo)<\/li>\n<li>\u2714 Refrescos<\/li>\n<li>\u2714 Entrada al club incluida<\/li>\n<li>\u2714 Acceso a locales para mujeres<\/li>\n<li>\u2714 Solo env\u00edas tu ubicaci\u00f3n \u2014 nosotros organizamos todo<\/li>\n<\/ul>\n<h2>Botellas Incluidas \u2013 Seg\u00fan Tama\u00f1o del Grupo<\/h2>\n<ul>\n<li>\ud83e\udd42 Hasta 6 personas \u2192 1 botella incluida<\/li>\n<li>\ud83e\udd42 Hasta 10 personas \u2192 2 botellas incluidas<\/li>\n<li>\ud83e\udd42 Hasta 15 personas \u2192 3 botellas incluidas<\/li>\n<li>\ud83e\udd42 Hasta 20 personas \u2192 4 botellas incluidas<\/li>\n<\/ul>\n<h2>Mejora Tu Despedida de Soltera VIP<\/h2>\n<ul>\n<li>\ud83d\udc83 1 stripper \u2192 199 \u20ac<\/li>\n<li>\ud83d\udc83\ud83d\udc83 2 strippers \u2192 399 \u20ac<\/li>\n<li>\ud83d\udc83\ud83d\udc83\ud83d\udc83 3 strippers \u2192 599 \u20ac<\/li>\n<li>\ud83c\udf7e 1 botella \u2192 250 \u20ac<\/li>\n<li>\ud83c\udf7e\ud83c\udf7e 2 botellas \u2192 450 \u20ac<\/li>\n<li>\ud83d\ude98 Limusina \u2192 250 \u20ac<\/li>\n<li>\ud83d\ude8c Limusina bus \u2192 300 \u20ac<\/li>\n<li>\ud83c\udf89 Party bus \u2192 400 \u20ac<\/li>\n<\/ul>\n<h2>C\u00f3mo Reservar Tu Despedida de Soltera en Barcelona<\/h2>\n<ol>\n<li>Selecciona tu fecha de reserva<\/li>\n<li>Elige extras y mejoras<\/li>\n<li>Confirma tu reserva online o por WhatsApp<\/li>\n<\/ol>\n<p>\ud83d\udc49 Confirmaci\u00f3n r\u00e1pida y organizaci\u00f3n f\u00e1cil.<\/p>\n<h2>\u00bfPor Qu\u00e9 Reservar con Antelaci\u00f3n?<\/h2>\n<ul>\n<li>\u2714 <b>Acceso limitado a clubs de striptease para mujeres<\/b><\/li>\n<li>\u2714 Las mesas VIP son limitadas, especialmente los fines de semana<\/li>\n<li>\u2714 Se requiere reserva para acceso en grupo<\/li>\n<li>\u2714 Asegura tu experiencia con antelaci\u00f3n<\/li>\n<\/ul>\n<h2>\u00bfLista para Reservar Tu Despedida de Soltera VIP?<\/h2>\n<p>No esperes \u2014 asegura tu despedida de soltera VIP en Barcelona ahora y garantiza tu plaza.<\/p>\n<p>\ud83d\udcf2 <a href=\"https:\/\/wa.me\/34698832747?text=Hola%2C%20quiero%20reservar%20una%20despedida%20de%20soltera%20en%20Barcelona\">Reserva Ahora por WhatsApp<\/a><br \/>\n\ud83d\udcde <a href=\"tel:+34698832747\">+34 698 832 747<\/a><\/p>\n<p>\ud83d\udc49 \u00bfNo sabes qu\u00e9 esperar?<\/p>\n<p>\u00bfOrganizas una despedida de soltera o evento en grupo? Consulta la <a title=\"Despedida de Soltera Barcelona\" href=\"https:\/\/stripclubsbarcelona.club\/es\/despedida-de-soltera-barcelona\/\">gu\u00eda completa de despedida de soltera en Barcelona<\/a> para consejos de vida nocturna e ideas de planificaci\u00f3n.<\/p>\n<p>Tambi\u00e9n puedes contratar <a href=\"https:\/\/stripclubsbarcelona.club\/es\/chicos-strippers-barcelona\/\">chicos strippers en Barcelona<\/a> para actuaciones divertidas, interactivas e inolvidables.<\/p>\n<p>\u00bfQuieres mejorar a\u00fan m\u00e1s tu experiencia? Explora nuestra selecci\u00f3n completa de <a href=\"https:\/\/stripclubsbarcelona.club\/es\/strippers-barcelona\/\">strippers en Barcelona<\/a> para shows privados y entretenimiento VIP exclusivo.<\/p>\n<p>\ud83d\udc49 Organizado por <a href=\"https:\/\/stripclubsbarcelona.club\/es\/\">Strip Clubs Barcelona<\/a><br \/>\n\u2714 Organizadores locales de confianza desde 2015<br \/>\n\u2714 Especialistas en experiencias VIP de vida nocturna<\/p>\n","protected":false},"excerpt":{"rendered":"<p>\ud83d\udca5 Desde 59 \u20ac por persona<br \/>\n\u26a0\ufe0f Reserva con antelaci\u00f3n para viernes y s\u00e1bados<\/p>\n<p>La mejor experiencia de despedida de soltera en Barcelona con mesa VIP,<br \/>\nbotellas incluidas y acceso exclusivo a locales para mujeres.<\/p>\n<p><b>Servicios Incluidos:<\/b><\/p>\n<ul>\n<li>\u2714 Solo para grupos de mujeres (despedidas de soltera)<\/li>\n<li>\u2714 M\u00ednimo 6 personas<\/li>\n<li>\u2714 Mesa VIP + botellas incluidas seg\u00fan tama\u00f1o del grupo<\/li>\n<li>\u2714 Entrada al club incluida<\/li>\n<li>\u2714 Confirmaci\u00f3n r\u00e1pida por WhatsApp<\/li>\n<\/ul>\n<p>\ud83d\udcf2 <a href=\"https:\/\/wa.me\/34698832747?text=Hola%2C%20quiero%20reservar%20una%20despedida%20de%20soltera%20en%20Barcelona\">Reserva por WhatsApp \u2013 Confirmaci\u00f3n R\u00e1pida<\/a><br \/>\n\ud83d\udcde <a href=\"tel:+34698832747\">Llama ahora<\/a><\/p>\n<p>\ud83d\udc49 Elige tu fecha y opciones abajo \u2193<\/p>\n","protected":false},"featured_media":7933,"comment_status":"closed","ping_status":"closed","template":"","meta":[],"product_brand":[],"product_cat":[112],"product_tag":[],"class_list":{"0":"post-7931","1":"product","2":"type-product","3":"status-publish","4":"has-post-thumbnail","6":"product_cat-despedida-de-soltera","8":"first","9":"instock","10":"featured","11":"virtual","12":"purchasable","13":"product-type-simple"},"aioseo_notices":[],"_links":{"self":[{"href":"https:\/\/stripclubsbarcelona.club\/es\/wp-json\/wp\/v2\/product\/7931","targetHints":{"allow":["GET"]}}],"collection":[{"href":"https:\/\/stripclubsbarcelona.club\/es\/wp-json\/wp\/v2\/product"}],"about":[{"href":"https:\/\/stripclubsbarcelona.club\/es\/wp-json\/wp\/v2\/types\/product"}],"replies":[{"embeddable":true,"href":"https:\/\/stripclubsbarcelona.club\/es\/wp-json\/wp\/v2\/comments?post=7931"}],"wp:featuredmedia":[{"embeddable":true,"href":"https:\/\/stripclubsbarcelona.club\/es\/wp-json\/wp\/v2\/media\/7933"}],"wp:attachment":[{"href":"https:\/\/stripclubsbarcelona.club\/es\/wp-json\/wp\/v2\/media?parent=7931"}],"wp:term":[{"taxonomy":"product_brand","embeddable":true,"href":"https:\/\/stripclubsbarcelona.club\/es\/wp-json\/wp\/v2\/product_brand?post=7931"},{"taxonomy":"product_cat","embeddable":true,"href":"https:\/\/stripclubsbarcelona.club\/es\/wp-json\/wp\/v2\/product_cat?post=7931"},{"taxonomy":"product_tag","embeddable":true,"href":"https:\/\/stripclubsbarcelona.club\/es\/wp-json\/wp\/v2\/product_tag?post=7931"}],"curies":[{"name":"wp","href":"https:\/\/api.w.org\/{rel}","templated":true}]}}