{"id":6598,"date":"2026-03-22T19:01:34","date_gmt":"2026-03-22T19:01:34","guid":{"rendered":"https:\/\/stripclubsbarcelona.club\/product\/paquete-exclusivo\/"},"modified":"2026-04-22T05:36:05","modified_gmt":"2026-04-22T05:36:05","slug":"entrada-strip-club-exclusivo","status":"publish","type":"product","link":"https:\/\/stripclubsbarcelona.club\/es\/producto\/entrada-strip-club-exclusivo\/","title":{"rendered":"Entrada VIP a Strip Club Barcelona"},"content":{"rendered":"<h2>Paquete Entrada VIP a Strip Club en Barcelona<\/h2>\n<p>Mejora tu noche en Barcelona con nuestra Entrada VIP Exclusiva a Club de Striptease, dise\u00f1ada para visitantes que buscan una experiencia nocturna fluida y sin complicaciones. En lugar de preocuparte por d\u00f3nde ir, c\u00f3mo entrar o qu\u00e9 esperar, todo est\u00e1 organizado para ti con antelaci\u00f3n.<\/p>\n<p>Desde el momento en que empiece tu noche, disfrutar\u00e1s de una experiencia sencilla y organizada con acceso a algunos de los strip clubs m\u00e1s populares de Barcelona, sin el estr\u00e9s de largas colas o precios de entrada elevados.<\/p>\n<h2>Qu\u00e9 incluye<\/h2>\n<p>Tu Paquete Exclusivo incluye todo lo que necesitas para una experiencia nocturna VIP completa:<\/p>\n<ul>\n<li>\u2714 Entrada VIP a uno de los mejores strip clubs de Barcelona<\/li>\n<li>\u2714 Acceso prioritario en la entrada (sin esperas)<\/li>\n<li>\u2714 2 copas incluidas con tu entrada<\/li>\n<li>\u2714 Recogida en taxi gratuita hasta el local<\/li>\n<li>\u2714 Coordinaci\u00f3n y asistencia en la reserva<\/li>\n<\/ul>\n<p>Esto garantiza una llegada r\u00e1pida y fluida y evita la incertidumbre de pagar en la puerta.<\/p>\n<h2>Perfecto para Grupos y Ocasiones Especiales<\/h2>\n<p>El Paquete de Entrada VIP Strip Club en Barcelona es ideal para:<\/p>\n<ul>\n<li>Despedidas de soltero<\/li>\n<li>Celebraciones de cumplea\u00f1os<\/li>\n<li>Noches de grupo<\/li>\n<li>Visitantes que buscan una experiencia nocturna premium<\/li>\n<\/ul>\n<p>Barcelona es uno de los principales destinos de fiesta de Europa, y este paquete facilita disfrutar de los mejores locales sin las molestias habituales de la planificaci\u00f3n.<\/p>\n<h2>Por qu\u00e9 elegir el Paquete Exclusivo<\/h2>\n<p>Planificar una noche en Barcelona puede ser confuso, especialmente con tantos locales y diferentes precios de entrada a clubes de striptease. Este paquete lo simplifica todo ofreciendo:<\/p>\n<ul>\n<li>Precios transparentes<\/li>\n<li>Entrada organizada<\/li>\n<li>Trato VIP desde la llegada<\/li>\n<li>Acceso a locales de confianza y populares<\/li>\n<\/ul>\n<p>En lugar de arriesgarte en la puerta, aseguras tu experiencia con antelaci\u00f3n.<\/p>\n<h2>Informaci\u00f3n importante<\/h2>\n<ul>\n<li>Este paquete est\u00e1 destinado principalmente a clientes hombres, de acuerdo con la pol\u00edtica de entrada del local.<\/li>\n<li>La reserva de mesa no est\u00e1 incluida en este paquete.<\/li>\n<li>Este paquete incluye recogida en taxi gratuita, que es necesaria para acceder a la entrada VIP con descuento.<\/li>\n<li>Se requiere reserva anticipada para confirmar tu plaza.<\/li>\n<\/ul>\n<h2>Reserva tu Noche Exclusiva<\/h2>\n<p>Si quieres experimentar la vida nocturna de Barcelona de la manera m\u00e1s f\u00e1cil y c\u00f3moda, el Paquete Exclusivo de Entrada a Club de Striptease es la mejor opci\u00f3n.<\/p>\n<p>Reserva online ahora y disfruta de entrada VIP, copas incluidas y una noche totalmente organizada en uno de los principales locales de entretenimiento para adultos de la ciudad.<\/p>\n<div class=\"experience-links\">\n<p>\u00bfBuscas mejorar a\u00fan m\u00e1s tu experiencia? Puedes explorar nuestra selecci\u00f3n completa de <a href=\"https:\/\/stripclubsbarcelona.club\/es\/strippers-barcelona\/\">strippers en Barcelona<\/a> para espect\u00e1culos privados, eventos VIP y entretenimiento exclusivo.<\/p>\n<p>Para experiencias m\u00e1s personalizadas, descubre nuestras <a href=\"https:\/\/stripclubsbarcelona.club\/es\/chicas-strippers-barcelona\/\">chicas strippers en Barcelona<\/a>, perfectas para fiestas privadas, <a title=\"Reserva Paquete Despedida de Soltero en Barcelona\" href=\"https:\/\/stripclubsbarcelona.club\/es\/producto\/despedida-de-soltero-barcelona\/\">celebraciones de despedida de soltero<\/a> y reservas VIP.<\/p>\n<p>\u00bfBuscas algo m\u00e1s exclusivo? <a href=\"https:\/\/wa.me\/34698832747\">Cont\u00e1ctanos por WhatsApp<\/a> para opciones VIP adicionales. Tambi\u00e9n puedes explorar los mejores <a href=\"https:\/\/stripclubsbarcelona.club\/es\/\">clubes de striptease en Barcelona<\/a> en nuestra p\u00e1gina principal de vida nocturna.<\/p>\n<\/div>\n","protected":false},"excerpt":{"rendered":"<p>\ud83d\udca5 \u2714 Ahorra 20 \u20ac online<br \/>\n\u26a0\ufe0f \u2714 Disponibilidad limitada<\/p>\n<p><b>Servicios Incluidos:<\/b><\/p>\n<ul>\n<li>\u2714 Entrada VIP a los mejores strip clubs<\/li>\n<li>\u2714 Acceso prioritario (sin esperas)<\/li>\n<li>\u2714 2 copas incluidas<\/li>\n<li>\u2714 Recogida en taxi gratuita<\/li>\n<\/ul>\n<p>Paquete para clientes masculinos. Recogida en taxi gratuita requerida para entrada VIP con descuento.<\/p>\n<p>Selecciona el n\u00famero de invitados\/entradas para tu reserva. \u2193<\/p>\n<p>\ud83d\udcb3 Elige tu fecha y opciones abajo \u2193<\/p>\n","protected":false},"featured_media":7055,"template":"","meta":[],"product_brand":[],"product_cat":[117],"product_tag":[],"class_list":{"0":"post-6598","1":"product","2":"type-product","3":"status-publish","4":"has-post-thumbnail","6":"product_cat-entrada-vip","8":"first","9":"instock","10":"sale","11":"featured","12":"virtual","13":"purchasable","14":"product-type-simple"},"aioseo_notices":[],"_links":{"self":[{"href":"https:\/\/stripclubsbarcelona.club\/es\/wp-json\/wp\/v2\/product\/6598","targetHints":{"allow":["GET"]}}],"collection":[{"href":"https:\/\/stripclubsbarcelona.club\/es\/wp-json\/wp\/v2\/product"}],"about":[{"href":"https:\/\/stripclubsbarcelona.club\/es\/wp-json\/wp\/v2\/types\/product"}],"wp:featuredmedia":[{"embeddable":true,"href":"https:\/\/stripclubsbarcelona.club\/es\/wp-json\/wp\/v2\/media\/7055"}],"wp:attachment":[{"href":"https:\/\/stripclubsbarcelona.club\/es\/wp-json\/wp\/v2\/media?parent=6598"}],"wp:term":[{"taxonomy":"product_brand","embeddable":true,"href":"https:\/\/stripclubsbarcelona.club\/es\/wp-json\/wp\/v2\/product_brand?post=6598"},{"taxonomy":"product_cat","embeddable":true,"href":"https:\/\/stripclubsbarcelona.club\/es\/wp-json\/wp\/v2\/product_cat?post=6598"},{"taxonomy":"product_tag","embeddable":true,"href":"https:\/\/stripclubsbarcelona.club\/es\/wp-json\/wp\/v2\/product_tag?post=6598"}],"curies":[{"name":"wp","href":"https:\/\/api.w.org\/{rel}","templated":true}]}}