{"id":7665,"date":"2026-04-17T03:04:51","date_gmt":"2026-04-17T03:04:51","guid":{"rendered":"https:\/\/stripclubsbarcelona.club\/reserva-experiencias-vip-en-barcelona\/"},"modified":"2026-04-17T03:04:51","modified_gmt":"2026-04-17T03:04:51","slug":"reserva-experiencias-vip-en-barcelona","status":"publish","type":"page","link":"https:\/\/stripclubsbarcelona.club\/es\/reserva-experiencias-vip-en-barcelona\/","title":{"rendered":"Reserva Experiencias VIP en Barcelona"},"content":{"rendered":"\n<div class=\"wp-block-group alignfull is-layout-constrained wp-block-group-is-layout-constrained\">\n<h2 class=\"wp-block-heading has-text-align-center\">Experiencias VIP en Clubes de Striptease en Barcelona<\/h2>\n\n\n\n<div style=\"height:20px\" aria-hidden=\"true\" class=\"wp-block-spacer\"><\/div>\n\n\n\n<p class=\"has-text-align-center\">Entrada VIP a clubes de striptease, espect\u00e1culos privados &amp; paquetes de fiesta en Barcelona. <br\/>Recogida en taxi gratuita. Reserva r\u00e1pida. Confirmaci\u00f3n instant\u00e1nea.  <\/p>\n\n\n\n<p class=\"has-text-align-center\"><\/p>\n\n\n\n<p class=\"has-text-align-center\">\u2714 Recogida en taxi gratuita en Barcelona<br\/>\u2714 Entrada + 2 bebidas incluidas<br\/>\u2714 Confirmaci\u00f3n instant\u00e1nea v\u00eda WhatsApp<br\/>\u2714 Sin cargos ocultos<\/p>\n\n\n\n<div class=\"wp-block-buttons is-content-justification-center is-layout-flex wp-container-core-buttons-is-layout-16018d1d wp-block-buttons-is-layout-flex\">\n<div class=\"wp-block-button track-vip-booknow\"><a class=\"wp-block-button__link has-text-align-center wp-element-button\" href=\"https:\/\/stripclubsbarcelona.club\/es\/producto\/paquete-exclusivo\/\">Reserva Entrada VIP \u2013 30\u20ac (2 bebidas incluidas)<\/a><\/div>\n<\/div>\n\n\n\n<p class=\"has-text-align-center\">Disponibilidad limitada esta noche \u2013 reserva ahora<\/p>\n\n\n\n<p class=\"has-text-align-center track-whatsapp-booknow\">O reserva al instante v\u00eda WhatsApp (opci\u00f3n m\u00e1s r\u00e1pida) \u2192 <a href=\"https:\/\/wa.me\/34698832747?text=Hello%2C%20I%20would%20like%20to%20book%20a%20VIP%20strip%20club%20entry%20via%20WhatsApp.\" title=\"+34 698 832 747\">+34 698 832 747<\/a><\/p>\n\n\n\n<p class=\"has-text-align-center\">La experiencia m\u00e1s reservada en Barcelona<\/p>\n\n\n\n<div style=\"height:50px\" aria-hidden=\"true\" class=\"wp-block-spacer\"><\/div>\n<\/div>\n\n<div class=\"wp-block-group alignfull is-layout-constrained wp-block-group-is-layout-constrained\">\n<h2 class=\"wp-block-heading has-text-align-center\">Entrada VIP a Clubes &amp; Experiencias<\/h2>\n\n\n\n<div style=\"height:20px\" aria-hidden=\"true\" class=\"wp-block-spacer\"><\/div>\n\n\n\n<p class=\"has-text-align-center\">Evita las colas y accede a los mejores clubes de striptease de Barcelona con entrada VIP y experiencias premium.<\/p>\n\n\n<div class=\"woocommerce columns-2 \"><ul class=\"products columns-2\">\n<li class=\"product type-product post-6598 status-publish first instock has-post-thumbnail sale featured virtual purchasable product-type-simple\">\n\t<div class='inner_product main_color wrapped_style noLightbox product_on_sale av-product-class-'><a href=\"https:\/\/stripclubsbarcelona.club\/es\/producto\/paquete-exclusivo\/\" class=\"woocommerce-LoopProduct-link woocommerce-loop-product__link\"><div class=\"thumbnail_container\"><img decoding=\"async\" loading=\"lazy\" width=\"450\" height=\"450\" src=\"https:\/\/stripclubsbarcelona.club\/wp-content\/uploads\/2026\/03\/vip-strip-club-barcelona-entry-450x450.png\" class=\"wp-image-7055 avia-img-lazy-loading-7055 attachment-shop_catalog size-shop_catalog wp-post-image\" alt=\"Reserva Ahora Entrada VIP Para Strip Club Barcelona\" srcset=\"https:\/\/stripclubsbarcelona.club\/wp-content\/uploads\/2026\/03\/vip-strip-club-barcelona-entry-450x450.png 450w, https:\/\/stripclubsbarcelona.club\/wp-content\/uploads\/2026\/03\/vip-strip-club-barcelona-entry-300x300.png 300w, https:\/\/stripclubsbarcelona.club\/wp-content\/uploads\/2026\/03\/vip-strip-club-barcelona-entry-80x80.png 80w, https:\/\/stripclubsbarcelona.club\/wp-content\/uploads\/2026\/03\/vip-strip-club-barcelona-entry-768x768.png 768w, https:\/\/stripclubsbarcelona.club\/wp-content\/uploads\/2026\/03\/vip-strip-club-barcelona-entry-36x36.png 36w, https:\/\/stripclubsbarcelona.club\/wp-content\/uploads\/2026\/03\/vip-strip-club-barcelona-entry-180x180.png 180w, https:\/\/stripclubsbarcelona.club\/wp-content\/uploads\/2026\/03\/vip-strip-club-barcelona-entry-705x705.png 705w, https:\/\/stripclubsbarcelona.club\/wp-content\/uploads\/2026\/03\/vip-strip-club-barcelona-entry-120x120.png 120w, https:\/\/stripclubsbarcelona.club\/wp-content\/uploads\/2026\/03\/vip-strip-club-barcelona-entry-600x600.png 600w, https:\/\/stripclubsbarcelona.club\/wp-content\/uploads\/2026\/03\/vip-strip-club-barcelona-entry-100x100.png 100w, https:\/\/stripclubsbarcelona.club\/wp-content\/uploads\/2026\/03\/vip-strip-club-barcelona-entry.png 1024w\" sizes=\"auto, (max-width: 450px) 100vw, 450px\" \/><span class=\"cart-loading\"><\/span><\/div><div class='inner_product_header'><div class='avia-arrow'><\/div><div class='inner_product_header_table'><div class='inner_product_header_cell'><h2 class=\"woocommerce-loop-product__title\">Paquete exclusivo<\/h2>\n\t<span class=\"price\"><del aria-hidden=\"true\"><span class=\"woocommerce-Price-amount amount\"><bdi>50,00&nbsp;<span class=\"woocommerce-Price-currencySymbol\">&euro;<\/span><\/bdi><\/span><\/del> <span class=\"screen-reader-text\">El precio original era: 50,00&nbsp;&euro;.<\/span><ins aria-hidden=\"true\"><span class=\"woocommerce-Price-amount amount\"><bdi>30,00&nbsp;<span class=\"woocommerce-Price-currencySymbol\">&euro;<\/span><\/bdi><\/span><\/ins><span class=\"screen-reader-text\">El precio actual es: 30,00&nbsp;&euro;.<\/span><\/span>\n\n\t<span class=\"onsale\">\u00a1Oferta!<\/span>\n\t<\/div><\/div><\/div><\/a><div class='avia_cart_buttons '><a href=\"https:\/\/stripclubsbarcelona.club\/es\/producto\/paquete-exclusivo\/\" data-quantity=\"1\" class=\"button product_type_simple add_to_cart_button \" data-product_id=\"6598\" data-product_sku=\"\" aria-label=\"A\u00f1adir al carrito: &ldquo;Paquete exclusivo&rdquo;\" rel=\"nofollow\" data-success_message=\"\u00abPaquete exclusivo\u00bb se ha a\u00f1adido a tu carrito\" role=\"button\"><span aria-hidden='true' data-av_icon='\ue859' data-av_iconfont='entypo-fontello'><\/span> Seleccionar opciones<\/a>\t<span id=\"woocommerce_loop_add_to_cart_link_describedby_6598\" class=\"screen-reader-text\">\n\t\t\t<\/span>\n<a class=\"button show_details_button\" href=\"https:\/\/stripclubsbarcelona.club\/es\/producto\/paquete-exclusivo\/\"><span aria-hidden='true' data-av_icon='\ue84b' data-av_iconfont='entypo-fontello'><\/span>  Mostrar detalles<\/a> <span class=\"button-mini-delimiter\"><\/span><\/div><\/div><\/li>\n<\/ul>\n<\/div>\n\n\n\n<div style=\"height:50px\" aria-hidden=\"true\" class=\"wp-block-spacer\"><\/div>\n<\/div>\n\n<div class=\"wp-block-group alignfull is-layout-constrained wp-block-group-is-layout-constrained\">\n<h2 class=\"wp-block-heading has-text-align-center\">Paquetes para Despedidas de Soltero\/a<\/h2>\n\n\n\n<div style=\"height:20px\" aria-hidden=\"true\" class=\"wp-block-spacer\"><\/div>\n\n\n\n<p class=\"has-text-align-center\">Paquetes completos de vida nocturna con acceso VIP, espect\u00e1culos y experiencias grupales dise\u00f1adas para fiestas inolvidables.<\/p>\n\n\n<div class=\"woocommerce columns-2 \"><ul class=\"products columns-2\">\n<li class=\"product type-product post-6600 status-publish first instock has-post-thumbnail featured virtual purchasable product-type-simple\">\n\t<div class='inner_product main_color wrapped_style noLightbox  av-product-class-'><a href=\"https:\/\/stripclubsbarcelona.club\/es\/producto\/despedida-de-soltero-barcelona\/\" class=\"woocommerce-LoopProduct-link woocommerce-loop-product__link\"><div class=\"thumbnail_container\"><img decoding=\"async\" loading=\"lazy\" width=\"450\" height=\"450\" src=\"https:\/\/stripclubsbarcelona.club\/wp-content\/uploads\/2026\/03\/vip-stag-party-package-barcelona-450x450.png\" class=\"wp-image-7058 avia-img-lazy-loading-7058 attachment-shop_catalog size-shop_catalog wp-post-image\" alt=\"Reserva Paquete Despedida De Soltero En Barcelona\" srcset=\"https:\/\/stripclubsbarcelona.club\/wp-content\/uploads\/2026\/03\/vip-stag-party-package-barcelona-450x450.png 450w, https:\/\/stripclubsbarcelona.club\/wp-content\/uploads\/2026\/03\/vip-stag-party-package-barcelona-300x300.png 300w, https:\/\/stripclubsbarcelona.club\/wp-content\/uploads\/2026\/03\/vip-stag-party-package-barcelona-80x80.png 80w, https:\/\/stripclubsbarcelona.club\/wp-content\/uploads\/2026\/03\/vip-stag-party-package-barcelona-768x768.png 768w, https:\/\/stripclubsbarcelona.club\/wp-content\/uploads\/2026\/03\/vip-stag-party-package-barcelona-36x36.png 36w, https:\/\/stripclubsbarcelona.club\/wp-content\/uploads\/2026\/03\/vip-stag-party-package-barcelona-180x180.png 180w, https:\/\/stripclubsbarcelona.club\/wp-content\/uploads\/2026\/03\/vip-stag-party-package-barcelona-705x705.png 705w, https:\/\/stripclubsbarcelona.club\/wp-content\/uploads\/2026\/03\/vip-stag-party-package-barcelona-120x120.png 120w, https:\/\/stripclubsbarcelona.club\/wp-content\/uploads\/2026\/03\/vip-stag-party-package-barcelona-600x600.png 600w, https:\/\/stripclubsbarcelona.club\/wp-content\/uploads\/2026\/03\/vip-stag-party-package-barcelona-100x100.png 100w, https:\/\/stripclubsbarcelona.club\/wp-content\/uploads\/2026\/03\/vip-stag-party-package-barcelona.png 1024w\" sizes=\"auto, (max-width: 450px) 100vw, 450px\" \/><span class=\"cart-loading\"><\/span><\/div><div class='inner_product_header'><div class='avia-arrow'><\/div><div class='inner_product_header_table'><div class='inner_product_header_cell'><h2 class=\"woocommerce-loop-product__title\">Despedida de Soltero Barcelona<\/h2>\n\t<span class=\"price\"><span class=\"woocommerce-Price-amount amount\"><bdi>59,00&nbsp;<span class=\"woocommerce-Price-currencySymbol\">&euro;<\/span><\/bdi><\/span><\/span>\n<\/div><\/div><\/div><\/a><div class='avia_cart_buttons '><a href=\"https:\/\/stripclubsbarcelona.club\/es\/producto\/despedida-de-soltero-barcelona\/\" data-quantity=\"1\" class=\"button product_type_simple add_to_cart_button \" data-product_id=\"6600\" data-product_sku=\"\" aria-label=\"A\u00f1adir al carrito: &ldquo;Despedida de Soltero Barcelona&rdquo;\" rel=\"nofollow\" data-success_message=\"\u00abDespedida de Soltero Barcelona\u00bb se ha a\u00f1adido a tu carrito\" role=\"button\"><span aria-hidden='true' data-av_icon='\ue859' data-av_iconfont='entypo-fontello'><\/span> Seleccionar opciones<\/a>\t<span id=\"woocommerce_loop_add_to_cart_link_describedby_6600\" class=\"screen-reader-text\">\n\t\t\t<\/span>\n<a class=\"button show_details_button\" href=\"https:\/\/stripclubsbarcelona.club\/es\/producto\/despedida-de-soltero-barcelona\/\"><span aria-hidden='true' data-av_icon='\ue84b' data-av_iconfont='entypo-fontello'><\/span>  Mostrar detalles<\/a> <span class=\"button-mini-delimiter\"><\/span><\/div><\/div><\/li>\n<\/ul>\n<\/div>\n\n\n\n<p class=\"has-text-align-center\">Perfecto para grupos de despedida de soltero\/a<\/p>\n\n\n\n<div style=\"height:50px\" aria-hidden=\"true\" class=\"wp-block-spacer\"><\/div>\n<\/div>\n\n<div class=\"wp-block-group alignfull is-layout-constrained wp-block-group-is-layout-constrained\">\n<h2 class=\"wp-block-heading alignfull has-text-align-center\">Experiencia VIP para Parejas<\/h2>\n\n\n\n<div style=\"height:20px\" aria-hidden=\"true\" class=\"wp-block-spacer\"><\/div>\n\n\n\n<p class=\"has-text-align-center\">Experiencias privadas y exclusivas dise\u00f1adas para parejas.<\/p>\n\n\n<div class=\"woocommerce columns-1 \"><\/div>\n\n\n\n<div style=\"height:50px\" aria-hidden=\"true\" class=\"wp-block-spacer\"><\/div>\n<\/div>\n\n<div class=\"wp-block-group alignfull is-layout-constrained wp-block-group-is-layout-constrained\">\n<h2 class=\"wp-block-heading alignfull has-text-align-center\">Strippers &amp; Espect\u00e1culos Privados<\/h2>\n\n\n\n<div style=\"height:20px\" aria-hidden=\"true\" class=\"wp-block-spacer\"><\/div>\n\n\n\n<p class=\"has-text-align-center\">Explora reservas de strippers privados en Barcelona.<\/p>\n\n\n\n<div style=\"height:20px\" aria-hidden=\"true\" class=\"wp-block-spacer\"><\/div>\n\n\n\n<div class=\"wp-block-columns is-layout-flex wp-container-core-columns-is-layout-9d6595d7 wp-block-columns-is-layout-flex\">\n<div class=\"wp-block-column is-layout-flow wp-block-column-is-layout-flow\">\n<div class=\"wp-block-columns is-layout-flex wp-container-core-columns-is-layout-9d6595d7 wp-block-columns-is-layout-flex\">\n<div class=\"wp-block-column is-layout-flow wp-block-column-is-layout-flow\">\n<figure class=\"wp-block-image aligncenter size-full is-resized\"><img decoding=\"async\" src=\"https:\/\/stripclubsbarcelona.club\/wp-content\/uploads\/2026\/03\/vip-female-strippers-barcelona-for-private-party-1.png\" alt=\"\" class=\"wp-image-7082\" style=\"object-fit:cover;width:280px;height:380px\"\/><\/figure>\n\n\n\n<p class=\"has-text-align-center\">Strippers femeninas para espect\u00e1culos privados.<\/p>\n\n\n\n<div class=\"wp-block-buttons is-content-justification-center is-layout-flex wp-container-core-buttons-is-layout-16018d1d wp-block-buttons-is-layout-flex\">\n<div class=\"wp-block-button\"><a class=\"wp-block-button__link has-text-align-center wp-element-button\" href=\"https:\/\/stripclubsbarcelona.club\/female-strippers-barcelona\/\">Ver Strippers Femeninas<\/a><\/div>\n<\/div>\n<\/div>\n<\/div>\n<\/div>\n\n\n\n<div class=\"wp-block-column is-layout-flow wp-block-column-is-layout-flow\">\n<figure class=\"wp-block-image aligncenter size-full is-resized\"><img decoding=\"async\" src=\"https:\/\/stripclubsbarcelona.club\/wp-content\/uploads\/2026\/03\/vip-male-strippers-barcelona-for-private-party-1.png\" alt=\"\" class=\"wp-image-7079\" style=\"object-fit:cover;width:280px;height:380px\"\/><\/figure>\n\n\n\n<p class=\"has-text-align-center\">Strippers masculinos para espect\u00e1culos privados.<\/p>\n\n\n\n<div class=\"wp-block-buttons is-content-justification-center is-layout-flex wp-container-core-buttons-is-layout-16018d1d wp-block-buttons-is-layout-flex\">\n<div class=\"wp-block-button\"><a class=\"wp-block-button__link has-text-align-center wp-element-button\" href=\"https:\/\/stripclubsbarcelona.club\/male-strippers-barcelona\/\">Ver Strippers Masculinos<\/a><\/div>\n<\/div>\n<\/div>\n<\/div>\n<\/div>\n\n<p class=\"has-text-align-center\">Espect\u00e1culos privados disponibles en tu hotel o apartamento<\/p>\n\n<div class=\"wp-block-group is-layout-constrained wp-block-group-is-layout-constrained\">\n<div class=\"wp-block-columns is-layout-flex wp-container-core-columns-is-layout-9d6595d7 wp-block-columns-is-layout-flex\">\n<div class=\"wp-block-column is-layout-flow wp-block-column-is-layout-flow\">\n<div class=\"wp-block-columns is-layout-flex wp-container-core-columns-is-layout-9d6595d7 wp-block-columns-is-layout-flex\">\n<div class=\"wp-block-column is-layout-flow wp-block-column-is-layout-flow\"><\/div>\n\n\n\n<div class=\"wp-block-column is-layout-flow wp-block-column-is-layout-flow\"><\/div>\n<\/div>\n<\/div>\n<\/div>\n<\/div>\n","protected":false},"excerpt":{"rendered":"<p>Experiencias VIP en Clubes de Striptease en Barcelona Entrada VIP a clubes de striptease, espect\u00e1culos privados &amp; paquetes de fiesta en Barcelona. Recogida en taxi gratuita. Reserva r\u00e1pida. Confirmaci\u00f3n instant\u00e1nea. \u2714 Recogida en taxi gratuita en Barcelona\u2714 Entrada + 2 bebidas incluidas\u2714 Confirmaci\u00f3n instant\u00e1nea v\u00eda WhatsApp\u2714 Sin cargos ocultos Disponibilidad limitada esta noche \u2013 reserva [&hellip;]<\/p>\n","protected":false},"author":1,"featured_media":0,"parent":0,"menu_order":0,"comment_status":"closed","ping_status":"closed","template":"","meta":{"footnotes":""},"class_list":["post-7665","page","type-page","status-publish","hentry"],"aioseo_notices":[],"_links":{"self":[{"href":"https:\/\/stripclubsbarcelona.club\/es\/wp-json\/wp\/v2\/pages\/7665","targetHints":{"allow":["GET"]}}],"collection":[{"href":"https:\/\/stripclubsbarcelona.club\/es\/wp-json\/wp\/v2\/pages"}],"about":[{"href":"https:\/\/stripclubsbarcelona.club\/es\/wp-json\/wp\/v2\/types\/page"}],"author":[{"embeddable":true,"href":"https:\/\/stripclubsbarcelona.club\/es\/wp-json\/wp\/v2\/users\/1"}],"replies":[{"embeddable":true,"href":"https:\/\/stripclubsbarcelona.club\/es\/wp-json\/wp\/v2\/comments?post=7665"}],"version-history":[{"count":1,"href":"https:\/\/stripclubsbarcelona.club\/es\/wp-json\/wp\/v2\/pages\/7665\/revisions"}],"predecessor-version":[{"id":7666,"href":"https:\/\/stripclubsbarcelona.club\/es\/wp-json\/wp\/v2\/pages\/7665\/revisions\/7666"}],"wp:attachment":[{"href":"https:\/\/stripclubsbarcelona.club\/es\/wp-json\/wp\/v2\/media?parent=7665"}],"curies":[{"name":"wp","href":"https:\/\/api.w.org\/{rel}","templated":true}]}}