{"id":3918,"date":"2018-11-20T22:04:46","date_gmt":"2018-11-20T22:04:46","guid":{"rendered":"http:\/\/stripclubsbarcelona.club\/paquetes-parejas\/"},"modified":"2023-02-05T08:25:07","modified_gmt":"2023-02-05T08:25:07","slug":"strip-clubs-parejas-barcelona","status":"publish","type":"page","link":"https:\/\/stripclubsbarcelona.club\/es\/strip-clubs-parejas-barcelona\/","title":{"rendered":"Paquetes Parejas"},"content":{"rendered":"<div id='av_section_1'  class='avia-section av-vondnc-e6a0a8c993eb84fd1c63f251df998e1f main_color avia-section-default avia-no-shadow  avia-builder-el-0  avia-builder-el-no-sibling  avia-bg-style-scroll container_wrap fullsize'  ><div class='container av-section-cont-open' ><main  role=\"main\" itemprop=\"mainContentOfPage\"  class='template-page content  av-content-full alpha units'><div class='post-entry post-entry-type-page post-entry-3918'><div class='entry-content-wrapper clearfix'>\n\n<style type=\"text\/css\" data-created_by=\"avia_inline_auto\" id=\"style-css-av-31r3zc-04f1bf0ea7345532ef5ac519b1eea23f\">\n.flex_column.av-31r3zc-04f1bf0ea7345532ef5ac519b1eea23f{\nborder-radius:0px 0px 0px 0px;\npadding:0px 0px 0px 0px;\n}\n<\/style>\n<div  class='flex_column av-31r3zc-04f1bf0ea7345532ef5ac519b1eea23f av_one_full  avia-builder-el-1  el_before_av_one_full  avia-builder-el-first  first flex_column_div av-zero-column-padding  '     ><p>\n<style type=\"text\/css\" data-created_by=\"avia_inline_auto\" id=\"style-css-av-tdiu60-9295a3c82e8131c333d79c707de25519\">\n#top .av-special-heading.av-tdiu60-9295a3c82e8131c333d79c707de25519{\npadding-bottom:10px;\n}\nbody .av-special-heading.av-tdiu60-9295a3c82e8131c333d79c707de25519 .av-special-heading-tag .heading-char{\nfont-size:25px;\n}\n.av-special-heading.av-tdiu60-9295a3c82e8131c333d79c707de25519 .av-subheading{\nfont-size:15px;\n}\n<\/style>\n<div  class='av-special-heading av-tdiu60-9295a3c82e8131c333d79c707de25519 av-special-heading-h1 blockquote modern-quote modern-centered  avia-builder-el-2  el_before_av_hr  avia-builder-el-first '><h1 class='av-special-heading-tag '  itemprop=\"headline\"  >Strip Clubs Barcelona Para Parejas<\/h1><div class='av-subheading av-subheading_below'><p>Paquetes Para Parejas<\/p>\n<\/div><div class=\"special-heading-border\"><div class=\"special-heading-inner-border\"><\/div><\/div><\/div><br \/>\n<div  class='hr av-rdabc8-93311c09f51e8145973d788e91f2a1c9 hr-default  avia-builder-el-3  el_after_av_heading  avia-builder-el-last '><span class='hr-inner '><span class=\"hr-inner-style\"><\/span><\/span><\/div><\/p><\/div>\n<style type=\"text\/css\" data-created_by=\"avia_inline_auto\" id=\"style-css-av-q4adfs-125a5ed10e1e113dfcbdb252f58dc596\">\n.flex_column.av-q4adfs-125a5ed10e1e113dfcbdb252f58dc596{\nborder-radius:0px 0px 0px 0px;\npadding:0px 0px 0px 0px;\n}\n<\/style>\n<div  class='flex_column av-q4adfs-125a5ed10e1e113dfcbdb252f58dc596 av_one_full  avia-builder-el-4  el_after_av_one_full  el_before_av_one_third  first flex_column_div av-zero-column-padding  column-top-margin'     ><section  class='av_textblock_section av-o1cbt4-876d81bbb61193d059670051a9b0698a '   itemscope=\"itemscope\" itemtype=\"https:\/\/schema.org\/CreativeWork\" ><div class='avia_textblock'  itemprop=\"text\" ><p style=\"text-align: center;\"><em>*Ten en cuenta que estos paquetes son para parejas, un hombre en compa\u00f1\u00eda de: su novia o esposa o amiga.<\/em><br \/>\n<em>*Los paquetes son v\u00e1lidos para todos los clubes de striptease de Barcelona que permiten pasar las mujeres y colaboran con nosotros,<\/em><br \/>\n<em>como <b>Bacarra, Darling, 208 Club Barcelona, Blue Night<\/b>.<\/em><br \/>\n<em>*Estos paquetes son v\u00e1lidos para cualquier d\u00eda, despu\u00e9s de la compra cont\u00e1ctanos y confirma la fecha y el lugar para el que desea reservar.<\/em><\/p>\n<\/div><\/section><\/div>\n<style type=\"text\/css\" data-created_by=\"avia_inline_auto\" id=\"style-css-av-m7mi20-57e6e93f99af33ec2db4e65a2bc06a46\">\n.flex_column.av-m7mi20-57e6e93f99af33ec2db4e65a2bc06a46{\nborder-radius:0px 0px 0px 0px;\npadding:0px 0px 0px 0px;\n}\n<\/style>\n<div  class='flex_column av-m7mi20-57e6e93f99af33ec2db4e65a2bc06a46 av_one_third  avia-builder-el-6  el_after_av_one_full  el_before_av_one_third  first flex_column_div av-zero-column-padding  column-top-margin'     ><p>\n<style type=\"text\/css\" data-created_by=\"avia_inline_auto\" id=\"style-css-av-l6pu9k-29e94b447217a75d27a51d10feefc58a\">\n.avia-image-container.av-l6pu9k-29e94b447217a75d27a51d10feefc58a img.avia_image{\nbox-shadow:none;\n}\n.avia-image-container.av-l6pu9k-29e94b447217a75d27a51d10feefc58a .av-caption-image-overlay-bg{\nopacity:0.4;\nbackground-color:#000000;\n}\n.avia-image-container.av-l6pu9k-29e94b447217a75d27a51d10feefc58a .av-image-caption-overlay-center{\ncolor:#ffffff;\n}\n<\/style>\n<div  class='avia-image-container av-l6pu9k-29e94b447217a75d27a51d10feefc58a av-styling- avia-align-center  avia-builder-el-7  el_before_av_textblock  avia-builder-el-first  noHover av-overlay-hover-deactivate'   itemprop=\"image\" itemscope=\"itemscope\" itemtype=\"https:\/\/schema.org\/ImageObject\" ><div class=\"avia-image-container-inner\"><div class=\"avia-image-overlay-wrap\"><div class=\"av-image-caption-overlay\"><div class=\"av-caption-image-overlay-bg\"><\/div><div class=\"av-image-caption-overlay-position\"><div class=\"av-image-caption-overlay-center\"><p>Pack 1<br \/>\n&#8211; 150 \u20ac &#8211;<\/p>\n<\/div><\/div><\/div><img decoding=\"async\" fetchpriority=\"high\" class='wp-image-3133 avia-img-lazy-loading-not-3133 avia_image ' src=\"https:\/\/stripclubsbarcelona.club\/wp-content\/uploads\/2018\/07\/female-friendly-strip-clubs-barcelona.jpg\" alt='strip clubs barcelona para parejas' title='Strip Clubs Barcelona Para Parejas'  height=\"533\" width=\"800\"  itemprop=\"thumbnailUrl\" srcset=\"https:\/\/stripclubsbarcelona.club\/wp-content\/uploads\/2018\/07\/female-friendly-strip-clubs-barcelona.jpg 800w, https:\/\/stripclubsbarcelona.club\/wp-content\/uploads\/2018\/07\/female-friendly-strip-clubs-barcelona-600x400.jpg 600w, https:\/\/stripclubsbarcelona.club\/wp-content\/uploads\/2018\/07\/female-friendly-strip-clubs-barcelona-300x200.jpg 300w, https:\/\/stripclubsbarcelona.club\/wp-content\/uploads\/2018\/07\/female-friendly-strip-clubs-barcelona-768x512.jpg 768w, https:\/\/stripclubsbarcelona.club\/wp-content\/uploads\/2018\/07\/female-friendly-strip-clubs-barcelona-705x470.jpg 705w, https:\/\/stripclubsbarcelona.club\/wp-content\/uploads\/2018\/07\/female-friendly-strip-clubs-barcelona-450x300.jpg 450w\" sizes=\"(max-width: 800px) 100vw, 800px\" \/><\/div><\/div><\/div><br \/>\n<section  class='av_textblock_section av-irb6y0-897a58d15fcb76fcf5b969b86a314580 '   itemscope=\"itemscope\" itemtype=\"https:\/\/schema.org\/CreativeWork\" ><div class='avia_textblock'  itemprop=\"text\" ><p><b>Incluido en el paquete:<\/b><\/p>\n<ul>\n<li>reserva de mesa<\/li>\n<li>2 bebidas<\/li>\n<li><b>1 baile de mesa<\/b><\/li>\n<li>1 bebida bailarina<\/li>\n<li>transporte<\/li>\n<li>entradas<\/li>\n<\/ul>\n<p><em>Compra en l\u00ednea m\u00e1s barato: <b>119 \u20ac<\/b><\/em><\/p>\n<p>[tc_event id=\u00bb2999&#8243;]<\/p>\n<\/div><\/section><\/p><\/div>\n<style type=\"text\/css\" data-created_by=\"avia_inline_auto\" id=\"style-css-av-1snqmg-36e72dd34b92e19bba93bc19b5cc75af\">\n.flex_column.av-1snqmg-36e72dd34b92e19bba93bc19b5cc75af{\nborder-radius:0px 0px 0px 0px;\npadding:0px 0px 0px 0px;\n}\n<\/style>\n<div  class='flex_column av-1snqmg-36e72dd34b92e19bba93bc19b5cc75af av_one_third  avia-builder-el-9  el_after_av_one_third  el_before_av_one_third  flex_column_div av-zero-column-padding  column-top-margin'     ><p>\n<style type=\"text\/css\" data-created_by=\"avia_inline_auto\" id=\"style-css-av-g163l4-3e64d6af8326022fed672f47260cddf7\">\n.avia-image-container.av-g163l4-3e64d6af8326022fed672f47260cddf7 img.avia_image{\nbox-shadow:none;\n}\n.avia-image-container.av-g163l4-3e64d6af8326022fed672f47260cddf7 .av-caption-image-overlay-bg{\nopacity:0.4;\nbackground-color:#000000;\n}\n.avia-image-container.av-g163l4-3e64d6af8326022fed672f47260cddf7 .av-image-caption-overlay-center{\ncolor:#ffffff;\n}\n<\/style>\n<div  class='avia-image-container av-g163l4-3e64d6af8326022fed672f47260cddf7 av-styling- avia-align-center  avia-builder-el-10  el_before_av_textblock  avia-builder-el-first  noHover av-overlay-hover-deactivate'   itemprop=\"image\" itemscope=\"itemscope\" itemtype=\"https:\/\/schema.org\/ImageObject\" ><div class=\"avia-image-container-inner\"><div class=\"avia-image-overlay-wrap\"><div class=\"av-image-caption-overlay\"><div class=\"av-caption-image-overlay-bg\"><\/div><div class=\"av-image-caption-overlay-position\"><div class=\"av-image-caption-overlay-center\"><p>Pack 2<br \/>\n&#8211; 200 \u20ac &#8211;<\/p>\n<\/div><\/div><\/div><img decoding=\"async\" fetchpriority=\"high\" class='wp-image-3133 avia-img-lazy-loading-not-3133 avia_image ' src=\"https:\/\/stripclubsbarcelona.club\/wp-content\/uploads\/2018\/07\/female-friendly-strip-clubs-barcelona.jpg\" alt='strip clubs barcelona para parejas' title='Strip Clubs Barcelona Para Parejas'  height=\"533\" width=\"800\"  itemprop=\"thumbnailUrl\" srcset=\"https:\/\/stripclubsbarcelona.club\/wp-content\/uploads\/2018\/07\/female-friendly-strip-clubs-barcelona.jpg 800w, https:\/\/stripclubsbarcelona.club\/wp-content\/uploads\/2018\/07\/female-friendly-strip-clubs-barcelona-600x400.jpg 600w, https:\/\/stripclubsbarcelona.club\/wp-content\/uploads\/2018\/07\/female-friendly-strip-clubs-barcelona-300x200.jpg 300w, https:\/\/stripclubsbarcelona.club\/wp-content\/uploads\/2018\/07\/female-friendly-strip-clubs-barcelona-768x512.jpg 768w, https:\/\/stripclubsbarcelona.club\/wp-content\/uploads\/2018\/07\/female-friendly-strip-clubs-barcelona-705x470.jpg 705w, https:\/\/stripclubsbarcelona.club\/wp-content\/uploads\/2018\/07\/female-friendly-strip-clubs-barcelona-450x300.jpg 450w\" sizes=\"(max-width: 800px) 100vw, 800px\" \/><\/div><\/div><\/div><br \/>\n<section  class='av_textblock_section av-e5donc-069b9226c4beb09aa7917aa0e98df5af '   itemscope=\"itemscope\" itemtype=\"https:\/\/schema.org\/CreativeWork\" ><div class='avia_textblock'  itemprop=\"text\" ><p><b>Incluido en el paquete:<\/b><\/p>\n<ul>\n<li>reserva de mesa<\/li>\n<li>2 bebidas<\/li>\n<li><b>1 baile striptease<\/b><\/li>\n<li>1 bebida bailarina<\/li>\n<li>transporte<\/li>\n<li>entradas<\/li>\n<\/ul>\n<p><em>Compra en l\u00ednea m\u00e1s barato: <b>149 \u20ac<\/b><\/em><\/p>\n<p>[tc_event id=\u00bb3002&#8243;]<\/p>\n<\/div><\/section><\/p><\/div>\n<style type=\"text\/css\" data-created_by=\"avia_inline_auto\" id=\"style-css-av-cw8lk8-a178105d33267d65fa3da3d5cdea154d\">\n.flex_column.av-cw8lk8-a178105d33267d65fa3da3d5cdea154d{\nborder-radius:0px 0px 0px 0px;\npadding:0px 0px 0px 0px;\n}\n<\/style>\n<div  class='flex_column av-cw8lk8-a178105d33267d65fa3da3d5cdea154d av_one_third  avia-builder-el-12  el_after_av_one_third  el_before_av_hr  flex_column_div av-zero-column-padding  column-top-margin'     ><p>\n<style type=\"text\/css\" data-created_by=\"avia_inline_auto\" id=\"style-css-av-bahjvs-89a8aa19d1a96415581b472e2d20bc6d\">\n.avia-image-container.av-bahjvs-89a8aa19d1a96415581b472e2d20bc6d img.avia_image{\nbox-shadow:none;\n}\n.avia-image-container.av-bahjvs-89a8aa19d1a96415581b472e2d20bc6d .av-caption-image-overlay-bg{\nopacity:0.4;\nbackground-color:#000000;\n}\n.avia-image-container.av-bahjvs-89a8aa19d1a96415581b472e2d20bc6d .av-image-caption-overlay-center{\ncolor:#ffffff;\n}\n<\/style>\n<div  class='avia-image-container av-bahjvs-89a8aa19d1a96415581b472e2d20bc6d av-styling- avia-align-center  avia-builder-el-13  el_before_av_textblock  avia-builder-el-first  noHover av-overlay-hover-deactivate'   itemprop=\"image\" itemscope=\"itemscope\" itemtype=\"https:\/\/schema.org\/ImageObject\" ><div class=\"avia-image-container-inner\"><div class=\"avia-image-overlay-wrap\"><div class=\"av-image-caption-overlay\"><div class=\"av-caption-image-overlay-bg\"><\/div><div class=\"av-image-caption-overlay-position\"><div class=\"av-image-caption-overlay-center\"><p>Pack 3<br \/>\n&#8211; 350 \u20ac &#8211;<\/p>\n<\/div><\/div><\/div><img decoding=\"async\" fetchpriority=\"high\" class='wp-image-3133 avia-img-lazy-loading-not-3133 avia_image ' src=\"https:\/\/stripclubsbarcelona.club\/wp-content\/uploads\/2018\/07\/female-friendly-strip-clubs-barcelona.jpg\" alt='strip clubs barcelona para parejas' title='Strip Clubs Barcelona Para Parejas'  height=\"533\" width=\"800\"  itemprop=\"thumbnailUrl\" srcset=\"https:\/\/stripclubsbarcelona.club\/wp-content\/uploads\/2018\/07\/female-friendly-strip-clubs-barcelona.jpg 800w, https:\/\/stripclubsbarcelona.club\/wp-content\/uploads\/2018\/07\/female-friendly-strip-clubs-barcelona-600x400.jpg 600w, https:\/\/stripclubsbarcelona.club\/wp-content\/uploads\/2018\/07\/female-friendly-strip-clubs-barcelona-300x200.jpg 300w, https:\/\/stripclubsbarcelona.club\/wp-content\/uploads\/2018\/07\/female-friendly-strip-clubs-barcelona-768x512.jpg 768w, https:\/\/stripclubsbarcelona.club\/wp-content\/uploads\/2018\/07\/female-friendly-strip-clubs-barcelona-705x470.jpg 705w, https:\/\/stripclubsbarcelona.club\/wp-content\/uploads\/2018\/07\/female-friendly-strip-clubs-barcelona-450x300.jpg 450w\" sizes=\"(max-width: 800px) 100vw, 800px\" \/><\/div><\/div><\/div><br \/>\n<section  class='av_textblock_section av-910t6g-57377cd83f7bd1b07be443dd4ef22265 '   itemscope=\"itemscope\" itemtype=\"https:\/\/schema.org\/CreativeWork\" ><div class='avia_textblock'  itemprop=\"text\" ><p><b>Incluido en el paquete:<\/b><\/p>\n<ul>\n<li>reserva de mesa<\/li>\n<li>2 bebidas<\/li>\n<li><b>30 minutos baile privado<\/b><\/li>\n<li>1 bebida bailarina<\/li>\n<li>transporte<\/li>\n<li>entradabs<\/li>\n<\/ul>\n<p><em>Compra en l\u00ednea m\u00e1s barato: <b>299 \u20ac<\/b><\/em><\/p>\n<p>[tc_event id=\u00bb3005&#8243;]<\/p>\n<\/div><\/section><\/p><\/div><div  class='hr av-6v7o4o-b12916920773a65f4c262a5fada66c25 hr-default  avia-builder-el-15  el_after_av_one_third  el_before_av_heading '><span class='hr-inner '><span class=\"hr-inner-style\"><\/span><\/span><\/div>\n\n<style type=\"text\/css\" data-created_by=\"avia_inline_auto\" id=\"style-css-av-60n9xk-e3dd4fd0df36641ba93f63ca4463c6e7\">\n#top .av-special-heading.av-60n9xk-e3dd4fd0df36641ba93f63ca4463c6e7{\npadding-bottom:10px;\n}\nbody .av-special-heading.av-60n9xk-e3dd4fd0df36641ba93f63ca4463c6e7 .av-special-heading-tag .heading-char{\nfont-size:25px;\n}\n.av-special-heading.av-60n9xk-e3dd4fd0df36641ba93f63ca4463c6e7 .av-subheading{\nfont-size:15px;\n}\n<\/style>\n<div  class='av-special-heading av-60n9xk-e3dd4fd0df36641ba93f63ca4463c6e7 av-special-heading-h2 blockquote modern-quote modern-centered  avia-builder-el-16  el_after_av_hr  el_before_av_textblock '><h2 class='av-special-heading-tag '  itemprop=\"headline\"  >Strip Clubs Para Parejas Barcelona<\/h2><div class='av-subheading av-subheading_below'><p>Strip Clubs Que Dejan Pasar Mujeres<\/p>\n<\/div><div class=\"special-heading-border\"><div class=\"special-heading-inner-border\"><\/div><\/div><\/div>\n<section  class='av_textblock_section av-3l9p6w-479fb23d93157fc7e044e93054365b90 '   itemscope=\"itemscope\" itemtype=\"https:\/\/schema.org\/CreativeWork\" ><div class='avia_textblock'  itemprop=\"text\" ><p style=\"text-align: center;\">Sabemos que hay muchas personas que buscan strip clubs para parejas en Barcelona. Mientras que los clubes de strippers todav\u00eda tienen esa reputaci\u00f3n por atraer solo a grupos de hombres locos y salvajes o un grupos de mujeres que buscan un momento bueno y divertido. \u00a1Es un hecho que cada vez m\u00e1s parejas van a un club de striptease tambi\u00e9n y cada vez m\u00e1s y m\u00e1s parejas se est\u00e1n divirtiendo junto en este tipo de clubs! Afortunadamente aqu\u00ed en <a href=\"https:\/\/stripclubsbarcelona.club\/es\/\">Strip Clubs Barcelona<\/a>, entendemos esto mejor que nadie. Entonces, si t\u00fa y tu pareja dese\u00e1is pasar una noche traviesa, haremos todo lo posible para asegurarnos de llevaros a uno de los mejores clubes de striptease para parejas.<\/p>\n<p style=\"text-align: center;\">De hecho, \u00a1hemos entablado una buena relaci\u00f3n con todos los clubes de striptease que aceptan parejas y se encuentran en Barcelona por eso podemos ofrecer estas grandes ofertas y de paso ofrecer paquetes con los que podeis ahorrar dinero! Parte del problema para encontrar el mejor strip club para parejas en Barcelona es que, aunque algunos pueden decir que son amistosos con la pareja. Tienden a atender m\u00e1s a las necesidades de los hombres, que si se trata de un grupo de chicos es genial, pero para una pareja, no tanto. Es por eso que queremos asegurarnos de que sepas que los clubes a los que te llevamos no son solo para hombres, sino que tambi\u00e9n son strip clubs para parejas, como Bacarra, Darling, 208 Club, Blue Night. Hemos trabajado arduamente para crear tres fant\u00e1sticos paquetes para parejas y estamos seguros de que pasarais un momento divertido, sexy y memorable sin importar cu\u00e1l de los paquetes vais a elegir.<\/p>\n<p style=\"text-align: center;\"><span style=\"color: #ff00ff;\">Paquete 1<\/span><\/p>\n<p style=\"text-align: center;\">\u00a1Nuestro paquete de <a href=\"http:\/\/stripclubsbarcelona.club\/es\/paquetes\/\">fiesta en Barcelona<\/a> est\u00e1ndar es para dos tortolitos que quieren animar un poco las cosas y divertirse en uno de los mejores strip clubs para parejas! En este paquete, tendr\u00e9is vuestra reserva de mesa para que teng\u00e1is una excelente vista del strip show. Dos tragos, adem\u00e1s de una bebida para la bailarina, para seguro tener una buena diversi\u00f3n nocturna. Nuestro servicio de recogida y de transporte asegura que lleg\u00e1is c\u00f3modamente y seguros al club. Adem\u00e1s est\u00e1 incluido en el precio del paquete la tarifa de entrada al club y un baile de mesa!<\/p>\n<p style=\"text-align: center;\"><span style=\"color: #ff00ff;\">Paquete 2<\/span><\/p>\n<p style=\"text-align: center;\">Como hay muchos strip clubs para parejas en Barcelona, pensamos \u00bfpor qu\u00e9 no compartir el amor y pasar una buena noche en la compa\u00f1\u00eda de tu pareja? Estamos ofreciendo el mismo servicio que en el primer paquete, pero en lugar de un baile de mesa regular, puedes tener un strip dance solo para los dos. Entonces, si quieres un baile de striptease en lugar de un lap dance, reserva el paquete 2.<\/p>\n<p style=\"text-align: center;\"><span style=\"color: #ff00ff;\">Paquete 3<\/span><\/p>\n<p style=\"text-align: center;\">El paquete 3 es algo m\u00e1s picante que el primero o el segundo tipo de paquetes porque en lugar de un baile de mesa o un striptease tienes una sala privada para vosotros dos y la bailarina, \u00bfqu\u00e9 pasa all\u00ed? Usa tu imaginaci\u00f3n porque no podemos dec\u00edrtelo aqu\u00ed. Esto es para aquellas parejas que buscan algo un poco diferente y divertido de hacer juntos esto es para ti. En este paquete ofrecemos lo mismo que en los primeros dos paquetes para parejas adem\u00e1s de eso nuestro paquete 3 tiene una cosa en extra. \u00a1Esa cosa son 30 minutos en una habitaci\u00f3n privada! \u00bfQu\u00e9 sucede en esta habitaci\u00f3n privada? Bueno, \u00a1eso depende enteramente de vosotros!<\/p>\n<p style=\"text-align: center;\">Como puedes ver, ir a uno de los mejores strip clubs para parejas en Barcelona es una excelente forma de pasar un buen rato, hacer algo diferente y no tan habitual y disfrutar de un show sexy y caliente. Algunas parejas terminan haciendo lo mismo una y otra vez y quiz\u00e1s est\u00e1n buscando algo nuevo y emocionante. Bueno, te dar\u00e1s cuenta de que esto es mucho m\u00e1s que emocionante y que echar un vistazo a algunas strippers mientras disfrutas de buenas bebidas puede ser divertido.<\/p>\n<\/div><\/section>\n\n<style type=\"text\/css\" data-created_by=\"avia_inline_auto\" id=\"style-css-av-2nqzu0-9fd173c3c87c19c8008d92bb296b7f68\">\n#top .hr.av-2nqzu0-9fd173c3c87c19c8008d92bb296b7f68{\nmargin-top:70px;\nmargin-bottom:30px;\n}\n.hr.av-2nqzu0-9fd173c3c87c19c8008d92bb296b7f68 .hr-inner{\nwidth:90px;\nmax-width:45%;\n}\n.hr.av-2nqzu0-9fd173c3c87c19c8008d92bb296b7f68 .av-seperator-icon{\ncolor:#bba5ce;\n}\n<\/style>\n<div  class='hr av-2nqzu0-9fd173c3c87c19c8008d92bb296b7f68 hr-custom  avia-builder-el-18  el_after_av_textblock  avia-builder-el-last  hr-center hr-icon-yes'><span class='hr-inner inner-border-av-border-thin'><span class=\"hr-inner-style\"><\/span><\/span><span class='av-seperator-icon' aria-hidden='true' data-av_icon='\ue808' data-av_iconfont='entypo-fontello'><\/span><span class='hr-inner inner-border-av-border-thin'><span class=\"hr-inner-style\"><\/span><\/span><\/div>\n\n","protected":false},"excerpt":{"rendered":"","protected":false},"author":1,"featured_media":0,"parent":0,"menu_order":0,"comment_status":"closed","ping_status":"closed","template":"","meta":{"footnotes":""},"class_list":["post-3918","page","type-page","status-publish","hentry"],"aioseo_notices":[],"_links":{"self":[{"href":"https:\/\/stripclubsbarcelona.club\/es\/wp-json\/wp\/v2\/pages\/3918","targetHints":{"allow":["GET"]}}],"collection":[{"href":"https:\/\/stripclubsbarcelona.club\/es\/wp-json\/wp\/v2\/pages"}],"about":[{"href":"https:\/\/stripclubsbarcelona.club\/es\/wp-json\/wp\/v2\/types\/page"}],"author":[{"embeddable":true,"href":"https:\/\/stripclubsbarcelona.club\/es\/wp-json\/wp\/v2\/users\/1"}],"replies":[{"embeddable":true,"href":"https:\/\/stripclubsbarcelona.club\/es\/wp-json\/wp\/v2\/comments?post=3918"}],"version-history":[{"count":0,"href":"https:\/\/stripclubsbarcelona.club\/es\/wp-json\/wp\/v2\/pages\/3918\/revisions"}],"wp:attachment":[{"href":"https:\/\/stripclubsbarcelona.club\/es\/wp-json\/wp\/v2\/media?parent=3918"}],"curies":[{"name":"wp","href":"https:\/\/api.w.org\/{rel}","templated":true}]}}