{"id":3850,"date":"2018-11-20T12:31:31","date_gmt":"2018-11-20T12:31:31","guid":{"rendered":"http:\/\/stripclubsbarcelona.club\/contacto\/"},"modified":"2023-02-09T00:17:01","modified_gmt":"2023-02-09T00:17:01","slug":"contacto","status":"publish","type":"page","link":"https:\/\/stripclubsbarcelona.club\/es\/contacto\/","title":{"rendered":"Contacto"},"content":{"rendered":"<div id='full_slider_1'  class='avia-fullwidth-slider main_color avia-shadow   avia-builder-el-0  el_before_av_section  avia-builder-el-first   container_wrap fullsize'  ><div  class='avia-slideshow av-38j39o-cae7fc0ad2db6b63857f0d3191c033cb avia-slideshow-featured av_slideshow_full avia-slide-slider av-slideshow-ui av-control-default av-slideshow-manual av-loop-once av-loop-manual-endless av-default-height-applied   avia-slideshow-1' data-slideshow-options=\"{&quot;animation&quot;:&quot;slide&quot;,&quot;autoplay&quot;:false,&quot;loop_autoplay&quot;:&quot;once&quot;,&quot;interval&quot;:5,&quot;loop_manual&quot;:&quot;manual-endless&quot;,&quot;autoplay_stopper&quot;:false,&quot;noNavigation&quot;:false,&quot;bg_slider&quot;:false,&quot;keep_padding&quot;:false,&quot;hoverpause&quot;:false,&quot;show_slide_delay&quot;:0}\"  itemprop=\"image\" itemscope=\"itemscope\" itemtype=\"https:\/\/schema.org\/ImageObject\" ><ul class='avia-slideshow-inner ' style='padding-bottom: 28.666666666667%;'><li  class='avia-slideshow-slide av-38j39o-cae7fc0ad2db6b63857f0d3191c033cb__0  av-single-slide slide-1 slide-odd'><div data-rel='slideshow-1' class='avia-slide-wrap '   ><img decoding=\"async\" fetchpriority=\"high\" class=\"wp-image-2098 avia-img-lazy-loading-not-2098\"  src=\"https:\/\/stripclubsbarcelona.club\/wp-content\/uploads\/2015\/07\/contact-hero.jpg\" width=\"1500\" height=\"430\" title='Contactar Strip Clubs Barcelona' alt='Contactar Strip Clubs Barcelona'  itemprop=\"thumbnailUrl\" srcset=\"https:\/\/stripclubsbarcelona.club\/wp-content\/uploads\/2015\/07\/contact-hero.jpg 1500w, https:\/\/stripclubsbarcelona.club\/wp-content\/uploads\/2015\/07\/contact-hero-600x172.jpg 600w, https:\/\/stripclubsbarcelona.club\/wp-content\/uploads\/2015\/07\/contact-hero-300x86.jpg 300w, https:\/\/stripclubsbarcelona.club\/wp-content\/uploads\/2015\/07\/contact-hero-768x220.jpg 768w, https:\/\/stripclubsbarcelona.club\/wp-content\/uploads\/2015\/07\/contact-hero-1030x295.jpg 1030w, https:\/\/stripclubsbarcelona.club\/wp-content\/uploads\/2015\/07\/contact-hero-705x202.jpg 705w, https:\/\/stripclubsbarcelona.club\/wp-content\/uploads\/2015\/07\/contact-hero-450x129.jpg 450w\" sizes=\"(max-width: 1500px) 100vw, 1500px\" \/><\/div><\/li><\/ul><\/div><\/div>\n<div id='av_section_1'  class='avia-section av-2vizf0-b5dc79229c07d63f96d0bae9aa79e039 main_color avia-section-huge avia-no-border-styling  avia-builder-el-1  el_after_av_slideshow_full  avia-builder-el-last  avia-bg-style-scroll container_wrap fullsize'  ><div class='container av-section-cont-open' ><div class='template-page content  av-content-full alpha units'><div class='post-entry post-entry-type-page post-entry-3850'><div class='entry-content-wrapper clearfix'>\n\n<style type=\"text\/css\" data-created_by=\"avia_inline_auto\" id=\"style-css-av-2ounes-f1f1f0340fc5c65adc3e148854ac80e3\">\n#top .av-special-heading.av-2ounes-f1f1f0340fc5c65adc3e148854ac80e3{\npadding-bottom:20px;\nfont-size:40px;\n}\nbody .av-special-heading.av-2ounes-f1f1f0340fc5c65adc3e148854ac80e3 .av-special-heading-tag .heading-char{\nfont-size:25px;\n}\n#top #wrap_all .av-special-heading.av-2ounes-f1f1f0340fc5c65adc3e148854ac80e3 .av-special-heading-tag{\nfont-size:40px;\n}\n.av-special-heading.av-2ounes-f1f1f0340fc5c65adc3e148854ac80e3 .av-subheading{\nfont-size:15px;\n}\n\n@media only screen and (min-width: 480px) and (max-width: 767px){ \n#top #wrap_all .av-special-heading.av-2ounes-f1f1f0340fc5c65adc3e148854ac80e3 .av-special-heading-tag{\nfont-size:0.8em;\n}\n}\n\n@media only screen and (max-width: 479px){ \n#top #wrap_all .av-special-heading.av-2ounes-f1f1f0340fc5c65adc3e148854ac80e3 .av-special-heading-tag{\nfont-size:0.8em;\n}\n}\n<\/style>\n<div  class='av-special-heading av-2ounes-f1f1f0340fc5c65adc3e148854ac80e3 av-special-heading-h1 blockquote modern-quote modern-centered  avia-builder-el-2  el_before_av_one_fifth  avia-builder-el-first  av-inherit-size'><h1 class='av-special-heading-tag '  itemprop=\"headline\"  ><br \/>Contactanos!<\/br><br \/>Tienes alguna pregunta?<\/br><br \/>Escribenos!<\/br><\/h1><div class=\"special-heading-border\"><div class=\"special-heading-inner-border\"><\/div><\/div><\/div>\n\n<style type=\"text\/css\" data-created_by=\"avia_inline_auto\" id=\"style-css-av-2j66as-9a97a0d85a531f5c47be747d44323b83\">\n.flex_column.av-2j66as-9a97a0d85a531f5c47be747d44323b83{\nborder-radius:0px 0px 0px 0px;\npadding:0px 0px 0px 0px;\n}\n<\/style>\n<div  class='flex_column av-2j66as-9a97a0d85a531f5c47be747d44323b83 av_one_fifth  avia-builder-el-3  el_after_av_heading  el_before_av_three_fifth  first flex_column_div av-zero-column-padding  '     ><\/div>\n<style type=\"text\/css\" data-created_by=\"avia_inline_auto\" id=\"style-css-av-2d7xc4-bda9e544382d019b2359138d44b7d571\">\n.flex_column.av-2d7xc4-bda9e544382d019b2359138d44b7d571{\nborder-radius:0px 0px 0px 0px;\npadding:0px 0px 0px 0px;\n}\n<\/style>\n<div  class='flex_column av-2d7xc4-bda9e544382d019b2359138d44b7d571 av_three_fifth  avia-builder-el-4  el_after_av_one_fifth  el_before_av_one_fifth  flex_column_div av-animated-generic bottom-to-top av-zero-column-padding  '     ><section  class='av_textblock_section av-26tmfw-a40141e64deaa6896bda7692da94b046 '   itemscope=\"itemscope\" itemtype=\"https:\/\/schema.org\/CreativeWork\" ><div class='avia_textblock'  itemprop=\"text\" ><p style=\"text-align: center;\">Ll\u00e1manos todos los d\u00edas de 09:00 &#8211; 05:00 o env\u00edenos un mensaje usando el formulario de contacto debajo.<\/p>\n<\/div><\/section><\/div>\n<style type=\"text\/css\" data-created_by=\"avia_inline_auto\" id=\"style-css-av-22i4g4-d1dab124ac43d0d4bd027a4cb10a1a99\">\n.flex_column.av-22i4g4-d1dab124ac43d0d4bd027a4cb10a1a99{\nborder-radius:0px 0px 0px 0px;\npadding:0px 0px 0px 0px;\n}\n<\/style>\n<div  class='flex_column av-22i4g4-d1dab124ac43d0d4bd027a4cb10a1a99 av_one_fifth  avia-builder-el-6  el_after_av_three_fifth  el_before_av_one_half  flex_column_div av-zero-column-padding  '     ><\/div>\n<style type=\"text\/css\" data-created_by=\"avia_inline_auto\" id=\"style-css-av-1wjang-129228cd3d037428ef0ee24259811df4\">\n.flex_column.av-1wjang-129228cd3d037428ef0ee24259811df4{\nborder-radius:0px 0px 0px 0px;\npadding:0px 0px 0px 0px;\n}\n<\/style>\n<div  class='flex_column av-1wjang-129228cd3d037428ef0ee24259811df4 av_one_half  avia-builder-el-7  el_after_av_one_fifth  el_before_av_one_half  first flex_column_div av-zero-column-padding  column-top-margin'     ><p>\n<style type=\"text\/css\" data-created_by=\"avia_inline_auto\" id=\"style-css-av-1qg4zo-75d598c3dcbeac30bd83f4a6e9ae0d03\">\n#top .av-special-heading.av-1qg4zo-75d598c3dcbeac30bd83f4a6e9ae0d03{\npadding-bottom:10px;\n}\nbody .av-special-heading.av-1qg4zo-75d598c3dcbeac30bd83f4a6e9ae0d03 .av-special-heading-tag .heading-char{\nfont-size:25px;\n}\n.av-special-heading.av-1qg4zo-75d598c3dcbeac30bd83f4a6e9ae0d03 .av-subheading{\nfont-size:15px;\n}\n<\/style>\n<div  class='av-special-heading av-1qg4zo-75d598c3dcbeac30bd83f4a6e9ae0d03 av-special-heading-h3 blockquote modern-quote  avia-builder-el-8  el_before_av_textblock  avia-builder-el-first '><h3 class='av-special-heading-tag '  itemprop=\"headline\"  >Strip Clubs Barcelona<\/h3><div class=\"special-heading-border\"><div class=\"special-heading-inner-border\"><\/div><\/div><\/div><br \/>\n<section  class='av_textblock_section av-1ndckc-18726c3006da3b7bbc9664c1a705238b '   itemscope=\"itemscope\" itemtype=\"https:\/\/schema.org\/CreativeWork\" ><div class='avia_textblock'  itemprop=\"text\" ><p>Organizador de eventos<br \/>\nBarcelona, Espa\u00f1a<br \/>\nTel\u00e9fono Servicio Clientes:<br \/>\n<strong>+34 698 832 747<\/strong><\/p>\n<\/div><\/section><\/p><\/div>\n<style type=\"text\/css\" data-created_by=\"avia_inline_auto\" id=\"style-css-av-1gufrw-61277f85f6599e61e8a3ce896619db91\">\n.flex_column.av-1gufrw-61277f85f6599e61e8a3ce896619db91{\nborder-radius:0px 0px 0px 0px;\npadding:0px 0px 0px 0px;\n}\n<\/style>\n<div  class='flex_column av-1gufrw-61277f85f6599e61e8a3ce896619db91 av_one_half  avia-builder-el-10  el_after_av_one_half  el_before_av_hr  flex_column_div av-zero-column-padding  column-top-margin'     ><\/div><div  class='hr av-6z48s-6b41f9048a2116651746465ef137baca hr-default  avia-builder-el-12  el_after_av_one_half  avia-builder-el-last '><span class='hr-inner '><span class=\"hr-inner-style\"><\/span><\/span><\/div>\n\n","protected":false},"excerpt":{"rendered":"","protected":false},"author":1,"featured_media":0,"parent":0,"menu_order":0,"comment_status":"closed","ping_status":"closed","template":"","meta":{"footnotes":""},"class_list":["post-3850","page","type-page","status-publish","hentry"],"aioseo_notices":[],"_links":{"self":[{"href":"https:\/\/stripclubsbarcelona.club\/es\/wp-json\/wp\/v2\/pages\/3850","targetHints":{"allow":["GET"]}}],"collection":[{"href":"https:\/\/stripclubsbarcelona.club\/es\/wp-json\/wp\/v2\/pages"}],"about":[{"href":"https:\/\/stripclubsbarcelona.club\/es\/wp-json\/wp\/v2\/types\/page"}],"author":[{"embeddable":true,"href":"https:\/\/stripclubsbarcelona.club\/es\/wp-json\/wp\/v2\/users\/1"}],"replies":[{"embeddable":true,"href":"https:\/\/stripclubsbarcelona.club\/es\/wp-json\/wp\/v2\/comments?post=3850"}],"version-history":[{"count":0,"href":"https:\/\/stripclubsbarcelona.club\/es\/wp-json\/wp\/v2\/pages\/3850\/revisions"}],"wp:attachment":[{"href":"https:\/\/stripclubsbarcelona.club\/es\/wp-json\/wp\/v2\/media?parent=3850"}],"curies":[{"name":"wp","href":"https:\/\/api.w.org\/{rel}","templated":true}]}}