{"id":3836,"date":"2018-11-20T11:20:36","date_gmt":"2018-11-20T11:20:36","guid":{"rendered":"http:\/\/stripclubsbarcelona.club\/club-bagdad\/"},"modified":"2023-02-06T03:22:39","modified_gmt":"2023-02-06T03:22:39","slug":"club-bagdad-barcelona","status":"publish","type":"page","link":"https:\/\/stripclubsbarcelona.club\/es\/club-bagdad-barcelona\/","title":{"rendered":"Club Bagdad Barcelona"},"content":{"rendered":"<div id='av_section_1'  class='avia-section av-16fi7en-860f11e3ca44ce7717d09974c89f3c73 main_color avia-section-default avia-no-shadow  avia-builder-el-0  avia-builder-el-no-sibling  avia-bg-style-scroll container_wrap fullsize'  ><div class='container av-section-cont-open' ><main  role=\"main\" itemprop=\"mainContentOfPage\"  class='template-page content  av-content-full alpha units'><div class='post-entry post-entry-type-page post-entry-3836'><div class='entry-content-wrapper clearfix'>\n\n<style type=\"text\/css\" data-created_by=\"avia_inline_auto\" id=\"style-css-av-159yd3j-8d656cb7e01cd30e5c2a459b44b3ad85\">\n.flex_column.av-159yd3j-8d656cb7e01cd30e5c2a459b44b3ad85{\nborder-radius:0px 0px 0px 0px;\npadding:0px 0px 0px 0px;\n}\n<\/style>\n<div  class='flex_column av-159yd3j-8d656cb7e01cd30e5c2a459b44b3ad85 av_one_full  avia-builder-el-1  el_before_av_one_full  avia-builder-el-first  first flex_column_div av-zero-column-padding  '     ><p>\n<style type=\"text\/css\" data-created_by=\"avia_inline_auto\" id=\"style-css-av-12s7wsv-715fa68315f8045ebf7cf7d52eba36f7\">\n#top .av-special-heading.av-12s7wsv-715fa68315f8045ebf7cf7d52eba36f7{\npadding-bottom:10px;\n}\nbody .av-special-heading.av-12s7wsv-715fa68315f8045ebf7cf7d52eba36f7 .av-special-heading-tag .heading-char{\nfont-size:25px;\n}\n.av-special-heading.av-12s7wsv-715fa68315f8045ebf7cf7d52eba36f7 .av-subheading{\nfont-size:15px;\n}\n<\/style>\n<div  class='av-special-heading av-12s7wsv-715fa68315f8045ebf7cf7d52eba36f7 av-special-heading-h1 blockquote modern-quote modern-centered  avia-builder-el-2  el_before_av_hr  avia-builder-el-first '><h1 class='av-special-heading-tag '  itemprop=\"headline\"  ><br \/>Club Bagdad Barcelona<\/br><br \/>Espect\u00e1culo Expl\u00edcito En Vivo<\/br><\/h1><div class='av-subheading av-subheading_below'><p>Paquetes para el show de adultos<br \/>\nGrupos mixtos permitidos, hombres y mujeres.<\/p>\n<\/div><div class=\"special-heading-border\"><div class=\"special-heading-inner-border\"><\/div><\/div><\/div><br \/>\n<div  class='hr av-10lph9b-ba040304b78ed6b3156ea4d3fb94860b hr-default  avia-builder-el-3  el_after_av_heading  avia-builder-el-last '><span class='hr-inner '><span class=\"hr-inner-style\"><\/span><\/span><\/div><\/p><\/div>\n<style type=\"text\/css\" data-created_by=\"avia_inline_auto\" id=\"style-css-av-zwy9xb-6405d3d6654602f3861bb46db010647e\">\n.flex_column.av-zwy9xb-6405d3d6654602f3861bb46db010647e{\nborder-radius:0px 0px 0px 0px;\npadding:0px 0px 0px 0px;\n}\n<\/style>\n<div  class='flex_column av-zwy9xb-6405d3d6654602f3861bb46db010647e av_one_full  avia-builder-el-4  el_after_av_one_full  el_before_av_one_third  first flex_column_div av-zero-column-padding  column-top-margin'     ><section  class='av_textblock_section av-ycggbz-54608b758ac29ce4298d7a94ed1cb83e '   itemscope=\"itemscope\" itemtype=\"https:\/\/schema.org\/CreativeWork\" ><div class='avia_textblock'  itemprop=\"text\" ><p style=\"text-align: center;\"><em><b>* \u00a1Estos paquetes son v\u00e1lidos para Bagdad Club Barcelona!<\/b><\/em><br \/>\n<em>* Los paquetes son v\u00e1lidos para cualquier d\u00eda, despu\u00e9s de la compra debes ponerte en contacto con nosotros para confirmar la fecha.<\/em><br \/>\n<em>* Tienes que confirmar la hora de la llegada al club para poder disfrutar de uno de los tres shows para adultos en vivo en el escenario,<\/em><br \/>\n<em>3 shows en vivo todos los d\u00edas a las 23h &#8211; 01h &#8211; 03h<\/em><\/p>\n<p style=\"text-align: center;\"><em><b>Despu\u00e9s de agregar tu entrada al carrito de compra, antes de ir a pagar, puedes elegir la cantidad de entradas que deseas comprar, dependiendo del tama\u00f1o del grupo.<\/b><\/em><\/p>\n<\/div><\/section><\/div>\n<style type=\"text\/css\" data-created_by=\"avia_inline_auto\" id=\"style-css-av-w34n3j-72b1461cd6a366217e6af58709caa694\">\n.flex_column.av-w34n3j-72b1461cd6a366217e6af58709caa694{\nborder-radius:0px 0px 0px 0px;\npadding:0px 0px 0px 0px;\n}\n<\/style>\n<div  class='flex_column av-w34n3j-72b1461cd6a366217e6af58709caa694 av_one_third  avia-builder-el-6  el_after_av_one_full  el_before_av_one_third  first flex_column_div av-zero-column-padding  column-top-margin'     ><p>\n<style type=\"text\/css\" data-created_by=\"avia_inline_auto\" id=\"style-css-av-urftjj-455da46f572ab0eaa0b50585fa2e25ba\">\n.avia-image-container.av-urftjj-455da46f572ab0eaa0b50585fa2e25ba img.avia_image{\nbox-shadow:none;\n}\n.avia-image-container.av-urftjj-455da46f572ab0eaa0b50585fa2e25ba .av-image-caption-overlay-center{\ncolor:#ffffff;\n}\n<\/style>\n<div  class='avia-image-container av-urftjj-455da46f572ab0eaa0b50585fa2e25ba av-styling- avia-align-center  avia-builder-el-7  el_before_av_textblock  avia-builder-el-first '   itemprop=\"image\" itemscope=\"itemscope\" itemtype=\"https:\/\/schema.org\/ImageObject\" ><div class=\"avia-image-container-inner\"><div class=\"avia-image-overlay-wrap\"><img decoding=\"async\" fetchpriority=\"high\" class='wp-image-3129 avia-img-lazy-loading-not-3129 avia_image ' src=\"https:\/\/stripclubsbarcelona.club\/wp-content\/uploads\/2018\/07\/bagdad-club-barcelona.jpg\" alt='club bagdad barcelona' title='Club Bagdad Barcelona'  height=\"533\" width=\"800\"  itemprop=\"thumbnailUrl\" srcset=\"https:\/\/stripclubsbarcelona.club\/wp-content\/uploads\/2018\/07\/bagdad-club-barcelona.jpg 800w, https:\/\/stripclubsbarcelona.club\/wp-content\/uploads\/2018\/07\/bagdad-club-barcelona-600x400.jpg 600w, https:\/\/stripclubsbarcelona.club\/wp-content\/uploads\/2018\/07\/bagdad-club-barcelona-300x200.jpg 300w, https:\/\/stripclubsbarcelona.club\/wp-content\/uploads\/2018\/07\/bagdad-club-barcelona-768x512.jpg 768w, https:\/\/stripclubsbarcelona.club\/wp-content\/uploads\/2018\/07\/bagdad-club-barcelona-705x470.jpg 705w, https:\/\/stripclubsbarcelona.club\/wp-content\/uploads\/2018\/07\/bagdad-club-barcelona-450x300.jpg 450w\" sizes=\"(max-width: 800px) 100vw, 800px\" \/><\/div><\/div><\/div><br \/>\n<section  class='av_textblock_section av-sbegbj-765775d62ab1123ba4d10029b7110fb1 '   itemscope=\"itemscope\" itemtype=\"https:\/\/schema.org\/CreativeWork\" ><div class='avia_textblock'  itemprop=\"text\" ><p><b>Servicios incluidos:<\/b><\/p>\n<ul>\n<li>Transporte<\/li>\n<li>Cuota de entrada<\/li>\n<li>Mesa VIP<\/li>\n<li>Espect\u00e1culo en vivo en el escenario<\/li>\n<li>1 Bebida de bienvenida \/ persona<\/li>\n<li>&#8211;<\/li>\n<li>&#8211;<\/li>\n<\/ul>\n<p>Precio: <b>90 \u20ac<\/b> \/ Persona<\/p>\n<p>[tc_event id=\u00bb3019&#8243;]<\/p>\n<\/div><\/section><\/p><\/div>\n<style type=\"text\/css\" data-created_by=\"avia_inline_auto\" id=\"style-css-av-r7ghcf-52349ebacf7a4bea164dea06eafe1332\">\n.flex_column.av-r7ghcf-52349ebacf7a4bea164dea06eafe1332{\nborder-radius:0px 0px 0px 0px;\npadding:0px 0px 0px 0px;\n}\n<\/style>\n<div  class='flex_column av-r7ghcf-52349ebacf7a4bea164dea06eafe1332 av_one_third  avia-builder-el-9  el_after_av_one_third  el_before_av_one_third  flex_column_div av-zero-column-padding  column-top-margin'     ><p>\n<style type=\"text\/css\" data-created_by=\"avia_inline_auto\" id=\"style-css-av-pz7rdr-ae1ee97dd6bc3bb05ef4fcc6e164c529\">\n.avia-image-container.av-pz7rdr-ae1ee97dd6bc3bb05ef4fcc6e164c529 img.avia_image{\nbox-shadow:none;\n}\n.avia-image-container.av-pz7rdr-ae1ee97dd6bc3bb05ef4fcc6e164c529 .av-image-caption-overlay-center{\ncolor:#ffffff;\n}\n<\/style>\n<div  class='avia-image-container av-pz7rdr-ae1ee97dd6bc3bb05ef4fcc6e164c529 av-styling- avia-align-center  avia-builder-el-10  el_before_av_textblock  avia-builder-el-first '   itemprop=\"image\" itemscope=\"itemscope\" itemtype=\"https:\/\/schema.org\/ImageObject\" ><div class=\"avia-image-container-inner\"><div class=\"avia-image-overlay-wrap\"><img decoding=\"async\" fetchpriority=\"high\" class='wp-image-3129 avia-img-lazy-loading-not-3129 avia_image ' src=\"https:\/\/stripclubsbarcelona.club\/wp-content\/uploads\/2018\/07\/bagdad-club-barcelona.jpg\" alt='club bagdad barcelona' title='Club Bagdad Barcelona'  height=\"533\" width=\"800\"  itemprop=\"thumbnailUrl\" srcset=\"https:\/\/stripclubsbarcelona.club\/wp-content\/uploads\/2018\/07\/bagdad-club-barcelona.jpg 800w, https:\/\/stripclubsbarcelona.club\/wp-content\/uploads\/2018\/07\/bagdad-club-barcelona-600x400.jpg 600w, https:\/\/stripclubsbarcelona.club\/wp-content\/uploads\/2018\/07\/bagdad-club-barcelona-300x200.jpg 300w, https:\/\/stripclubsbarcelona.club\/wp-content\/uploads\/2018\/07\/bagdad-club-barcelona-768x512.jpg 768w, https:\/\/stripclubsbarcelona.club\/wp-content\/uploads\/2018\/07\/bagdad-club-barcelona-705x470.jpg 705w, https:\/\/stripclubsbarcelona.club\/wp-content\/uploads\/2018\/07\/bagdad-club-barcelona-450x300.jpg 450w\" sizes=\"(max-width: 800px) 100vw, 800px\" \/><\/div><\/div><\/div><br \/>\n<section  class='av_textblock_section av-ng4njj-03bc9daa25b7c27516b9bcad1ded552d '   itemscope=\"itemscope\" itemtype=\"https:\/\/schema.org\/CreativeWork\" ><div class='avia_textblock'  itemprop=\"text\" ><p><b>Servicios incluidos:<\/b><\/p>\n<ul>\n<li>Transporte<\/li>\n<li>Cuota de entrada<\/li>\n<li>Mesa VIP<\/li>\n<li>Espect\u00e1culo en vivo en el escenario<\/li>\n<li>Cena<\/li>\n<li>Botella de \u00abcava\u00bb<\/li>\n<li>1 Strip show para el grupo<\/li>\n<\/ul>\n<p>Precio: <b>130 \u20ac<\/b> \/ Persona<\/p>\n<p>[tc_event id=\u00bb3024&#8243;]<\/p>\n<\/div><\/section><\/p><\/div>\n<style type=\"text\/css\" data-created_by=\"avia_inline_auto\" id=\"style-css-av-n3zmin-07b4d5d6e104f69ce993f35b622edf8f\">\n.flex_column.av-n3zmin-07b4d5d6e104f69ce993f35b622edf8f{\nborder-radius:0px 0px 0px 0px;\npadding:0px 0px 0px 0px;\n}\n<\/style>\n<div  class='flex_column av-n3zmin-07b4d5d6e104f69ce993f35b622edf8f av_one_third  avia-builder-el-12  el_after_av_one_third  el_before_av_hr  flex_column_div av-zero-column-padding  column-top-margin'     ><p>\n<style type=\"text\/css\" data-created_by=\"avia_inline_auto\" id=\"style-css-av-229gmn-34fa0a096d34d465113826f6b00b5980\">\n.avia-image-container.av-229gmn-34fa0a096d34d465113826f6b00b5980 img.avia_image{\nbox-shadow:none;\n}\n.avia-image-container.av-229gmn-34fa0a096d34d465113826f6b00b5980 .av-image-caption-overlay-center{\ncolor:#ffffff;\n}\n<\/style>\n<div  class='avia-image-container av-229gmn-34fa0a096d34d465113826f6b00b5980 av-styling- avia-align-center  avia-builder-el-13  el_before_av_textblock  avia-builder-el-first '   itemprop=\"image\" itemscope=\"itemscope\" itemtype=\"https:\/\/schema.org\/ImageObject\" ><div class=\"avia-image-container-inner\"><div class=\"avia-image-overlay-wrap\"><img decoding=\"async\" fetchpriority=\"high\" class='wp-image-3129 avia-img-lazy-loading-not-3129 avia_image ' src=\"https:\/\/stripclubsbarcelona.club\/wp-content\/uploads\/2018\/07\/bagdad-club-barcelona.jpg\" alt='club bagdad barcelona' title='Club Bagdad Barcelona'  height=\"533\" width=\"800\"  itemprop=\"thumbnailUrl\" srcset=\"https:\/\/stripclubsbarcelona.club\/wp-content\/uploads\/2018\/07\/bagdad-club-barcelona.jpg 800w, https:\/\/stripclubsbarcelona.club\/wp-content\/uploads\/2018\/07\/bagdad-club-barcelona-600x400.jpg 600w, https:\/\/stripclubsbarcelona.club\/wp-content\/uploads\/2018\/07\/bagdad-club-barcelona-300x200.jpg 300w, https:\/\/stripclubsbarcelona.club\/wp-content\/uploads\/2018\/07\/bagdad-club-barcelona-768x512.jpg 768w, https:\/\/stripclubsbarcelona.club\/wp-content\/uploads\/2018\/07\/bagdad-club-barcelona-705x470.jpg 705w, https:\/\/stripclubsbarcelona.club\/wp-content\/uploads\/2018\/07\/bagdad-club-barcelona-450x300.jpg 450w\" sizes=\"(max-width: 800px) 100vw, 800px\" \/><\/div><\/div><\/div><br \/>\n<section  class='av_textblock_section av-iontbj-99156827839b760f78db383ea08ebe0a '   itemscope=\"itemscope\" itemtype=\"https:\/\/schema.org\/CreativeWork\" ><div class='avia_textblock'  itemprop=\"text\" ><p><b>Servicios incluidos:<\/b><\/p>\n<ul>\n<li>Transporte<\/li>\n<li>Cuota de entrada<\/li>\n<li>Mesa VIP<\/li>\n<li>Espect\u00e1culo en vivo en el escenario<\/li>\n<li>Cena<\/li>\n<li>1 Bebida \/ persona<\/li>\n<li>1 Lap dance \/ Persona<\/li>\n<\/ul>\n<p>Precio: <b>149 \u20ac<\/b> \/ Persona<\/p>\n<p>[tc_event id=\u00bb3029&#8243;]<\/p>\n<\/div><\/section><\/p><\/div><div  class='hr av-h249en-2ceb71785539655390163a8adf02b76e hr-default  avia-builder-el-15  el_after_av_one_third  el_before_av_one_third '><span class='hr-inner '><span class=\"hr-inner-style\"><\/span><\/span><\/div>\n\n<style type=\"text\/css\" data-created_by=\"avia_inline_auto\" id=\"style-css-av-ghviu7-031ed36f1748a5030e7acc9c35457a2f\">\n.flex_column.av-ghviu7-031ed36f1748a5030e7acc9c35457a2f{\nborder-radius:0px 0px 0px 0px;\npadding:0px 0px 0px 0px;\n}\n<\/style>\n<div  class='flex_column av-ghviu7-031ed36f1748a5030e7acc9c35457a2f av_one_third  avia-builder-el-16  el_after_av_hr  el_before_av_one_third  first flex_column_div av-zero-column-padding  '     ><p>\n<style type=\"text\/css\" data-created_by=\"avia_inline_auto\" id=\"style-css-av-dnktof-69635811d2ec5f2634412f28f9c96f1d\">\n.avia-image-container.av-dnktof-69635811d2ec5f2634412f28f9c96f1d img.avia_image{\nbox-shadow:none;\n}\n.avia-image-container.av-dnktof-69635811d2ec5f2634412f28f9c96f1d .av-image-caption-overlay-center{\ncolor:#ffffff;\n}\n<\/style>\n<div  class='avia-image-container av-dnktof-69635811d2ec5f2634412f28f9c96f1d av-styling- avia-align-center  avia-builder-el-17  el_before_av_textblock  avia-builder-el-first '   itemprop=\"image\" itemscope=\"itemscope\" itemtype=\"https:\/\/schema.org\/ImageObject\" ><div class=\"avia-image-container-inner\"><div class=\"avia-image-overlay-wrap\"><img decoding=\"async\" fetchpriority=\"high\" class='wp-image-3129 avia-img-lazy-loading-not-3129 avia_image ' src=\"https:\/\/stripclubsbarcelona.club\/wp-content\/uploads\/2018\/07\/bagdad-club-barcelona.jpg\" alt='club bagdad barcelona' title='Club Bagdad Barcelona'  height=\"533\" width=\"800\"  itemprop=\"thumbnailUrl\" srcset=\"https:\/\/stripclubsbarcelona.club\/wp-content\/uploads\/2018\/07\/bagdad-club-barcelona.jpg 800w, https:\/\/stripclubsbarcelona.club\/wp-content\/uploads\/2018\/07\/bagdad-club-barcelona-600x400.jpg 600w, https:\/\/stripclubsbarcelona.club\/wp-content\/uploads\/2018\/07\/bagdad-club-barcelona-300x200.jpg 300w, https:\/\/stripclubsbarcelona.club\/wp-content\/uploads\/2018\/07\/bagdad-club-barcelona-768x512.jpg 768w, https:\/\/stripclubsbarcelona.club\/wp-content\/uploads\/2018\/07\/bagdad-club-barcelona-705x470.jpg 705w, https:\/\/stripclubsbarcelona.club\/wp-content\/uploads\/2018\/07\/bagdad-club-barcelona-450x300.jpg 450w\" sizes=\"(max-width: 800px) 100vw, 800px\" \/><\/div><\/div><\/div><br \/>\n<section  class='av_textblock_section av-bzn47j-dc165444e09693edb61c2f008986b0b5 '   itemscope=\"itemscope\" itemtype=\"https:\/\/schema.org\/CreativeWork\" ><div class='avia_textblock'  itemprop=\"text\" ><p><b>Servicios incluidos:<\/b><\/p>\n<ul>\n<li>Transporte<\/li>\n<li>Cuota de entrada<\/li>\n<li>Mesa VIP<\/li>\n<li>Espect\u00e1culo en vivo en el escenario<\/li>\n<li>Cena<\/li>\n<li>Botella de \u00abcava\u00bb<\/li>\n<li>1 Lap dance \/ Persona<\/li>\n<li>1 baile de striptease para el grupo<\/li>\n<\/ul>\n<p>Precio: <b>299 \u20ac<\/b> \/ Persona<\/p>\n<p>[tc_event id=\u00bb3034&#8243;]<\/p>\n<\/div><\/section><\/p><\/div>\n<style type=\"text\/css\" data-created_by=\"avia_inline_auto\" id=\"style-css-av-an9nb3-e96c2cdc1c879321e1762f5f3184c669\">\n.flex_column.av-an9nb3-e96c2cdc1c879321e1762f5f3184c669{\nborder-radius:0px 0px 0px 0px;\npadding:0px 0px 0px 0px;\n}\n<\/style>\n<div  class='flex_column av-an9nb3-e96c2cdc1c879321e1762f5f3184c669 av_one_third  avia-builder-el-19  el_after_av_one_third  el_before_av_one_third  flex_column_div av-zero-column-padding  '     ><\/div>\n<style type=\"text\/css\" data-created_by=\"avia_inline_auto\" id=\"style-css-av-9h0q7z-d799778a10cbe389e98b8b3e90c15136\">\n.flex_column.av-9h0q7z-d799778a10cbe389e98b8b3e90c15136{\nborder-radius:0px 0px 0px 0px;\npadding:0px 0px 0px 0px;\n}\n<\/style>\n<div  class='flex_column av-9h0q7z-d799778a10cbe389e98b8b3e90c15136 av_one_third  avia-builder-el-20  el_after_av_one_third  el_before_av_hr  flex_column_div av-zero-column-padding  '     ><\/div><div  class='hr av-7jsfzz-656a1d7c7799ddaf78e9957357d71f3d hr-default  avia-builder-el-21  el_after_av_one_third  el_before_av_heading '><span class='hr-inner '><span class=\"hr-inner-style\"><\/span><\/span><\/div>\n\n<style type=\"text\/css\" data-created_by=\"avia_inline_auto\" id=\"style-css-av-jsxxb-eb763ad575f97eaa5e855aaf150ea236\">\n#top .av-special-heading.av-jsxxb-eb763ad575f97eaa5e855aaf150ea236{\npadding-bottom:10px;\n}\nbody .av-special-heading.av-jsxxb-eb763ad575f97eaa5e855aaf150ea236 .av-special-heading-tag .heading-char{\nfont-size:25px;\n}\n.av-special-heading.av-jsxxb-eb763ad575f97eaa5e855aaf150ea236 .av-subheading{\nfont-size:15px;\n}\n<\/style>\n<div  class='av-special-heading av-jsxxb-eb763ad575f97eaa5e855aaf150ea236 av-special-heading-h2 blockquote modern-quote modern-centered  avia-builder-el-22  el_after_av_hr  el_before_av_textblock '><h2 class='av-special-heading-tag '  itemprop=\"headline\"  >Paquetes Bagdad Club Barcelona<\/h2><div class=\"special-heading-border\"><div class=\"special-heading-inner-border\"><\/div><\/div><\/div>\n<section  class='av_textblock_section av-3skh33-956c37a96dcb4d28f276ae52e5df09a7 '   itemscope=\"itemscope\" itemtype=\"https:\/\/schema.org\/CreativeWork\" ><div class='avia_textblock'  itemprop=\"text\" ><p style=\"text-align: center;\">Aqu\u00ed en <a href=\"http:\/\/stripclubsbarcelona.club\/es\/\">Strip Clubs Barcelona<\/a>, solo trabajamos con los mejores clubes de la ciudad. Sin embargo, hay uno del que todos han o\u00eddo hablar y que es el mundialmente famoso Bagdad Club Barcelona. \u00a1Este es el tipo de club que lo hace todo desde shows de striptease, bailes de striptease y hasta un show expl\u00edcito en vivo en el escenario! \u00a1Tu y tus amigos pod\u00e9is disfrutar de todo, ya que estamos muy contentos de ofrecer los mejores <a href=\"http:\/\/stripclubsbarcelona.club\/es\/paquetes\/\">paquetes de fiesta en Barcelona<\/a> para la Sala Bagdad en l\u00ednea!<\/p>\n<p style=\"text-align: center;\">Bagdad Club es una leyenda y gracias a que tenemos una gran relaci\u00f3n con los chicos y chicas de all\u00ed, podemos asegurarnos de que tu grupo est\u00e9 bien atendido y tratado como estrellas de rock. Sabemos lo f\u00e1cil que es llegar en uno de los strip clubs que quiz\u00e1s son malos, cuando tratas con nosotros y especialmente cuando hablamos de Bagdad Club es el destino que prometemos que nunca suceder\u00e1. Vosotros dese\u00e1is tener la mejor noche de vuestras vidas y pasarlo genial y es lo que queremos y podemos asegurar que eso es lo que vais a tener.<\/p>\n<p style=\"text-align: center;\"><b>Paquete 1<\/b><\/p>\n<p style=\"text-align: center;\">Con solo 90 euros por persona, nuestro primer paquete es excelente si deseas ver la maravilla que Bagdad Club Barcelona tiene para ofrecer a un precio excelente. La tarifa de la entrada est\u00e1 incluida, al igual que tu mesa VIP que reservaremos para que seguro que tengas una buena visi\u00f3n de todo lo que est\u00e1 sucediendo y conf\u00eda en nosotros, \u00a1habr\u00e1 muchas cosas sucediendo! Tendr\u00e1s una bebida de bienvenida y por supuesto, tendr\u00e1s la oportunidad de ver un espect\u00e1culo para adultos en vivo.<\/p>\n<p style=\"text-align: center;\"><b>Paquete 2<\/b><\/p>\n<p style=\"text-align: center;\">\u00a1El paquete 2 cuesta 130 euros por persona, pero est\u00e1s recibiendo m\u00e1s cosas por tu dinero con el paquete 2! Cuenta con todas las bondades que obtienes con el paquete 1, pero hay algunas ventajas especiales. Por supuesto, puedes ver el show expl\u00edcito en vivo en el escenario. Sin embargo, tambi\u00e9n recibir\u00e1s una cena y una buena botella de cava para cada uno de vosotros. Tambi\u00e9n nos aseguraremos de que tu noche en Bagdad sea muy especial con un espect\u00e1culo de striptease para vuestro grupo.<\/p>\n<p style=\"text-align: center;\"><b>Paquete 3<\/b><\/p>\n<p style=\"text-align: center;\">\u00a1El paquete 3 est\u00e1 aqu\u00ed para impresionar! El paquete 3 cuesta 149 euros muy razonables por persona y decir que es un trato fenomenal es insuficiente. En este paquete, experimentar\u00e1s lo mejor que Bagdad Club Barcelona tiene para ofrecer. Con el paquete 3, obtienes lo que obtienes en el paquete 2. \u00a1Excepto que en lugar de un espect\u00e1culo de striptease para todo el grupo, vamos a enganchar a cada miembro de tu grupo con su propio lap dance!<\/p>\n<p style=\"text-align: center;\"><b>Paquete 4<\/b><\/p>\n<p style=\"text-align: center;\">Nuestro cuarto paquete es de 299 euros por persona. Obtendr\u00e1s todo lo que obtienes con el paquete 3, por lo que obtienes las bebidas, la comida, el show en vivo en el escenario y lap dance para cada miembro de tu grupo. Adem\u00e1s del baile en tu regazo, \u00a1tambi\u00e9n te daremos un show de baile striptease para todo el grupo! Entonces, con el paquete 4, obtienes lo mejor de lo que ofrecen todos los otros paquetes.<\/p>\n<p style=\"text-align: center;\">Nuestros paquetes de Bagdad Club Barcelona son realmente insuperables. Como puedes ver, nuestros paquetes se adaptan a todo tipo de grupos y a todo tipo de presupuestos. Entonces, si quieres asegurarte de que tu noche en Barcelona no solo sea incre\u00edble sino tambi\u00e9n sin complicaciones en lo que respecta a la reserva, uno de nuestros paquetes de Bagdad Club es lo que necesitas.<\/p>\n<\/div><\/section>\n\n<style type=\"text\/css\" data-created_by=\"avia_inline_auto\" id=\"style-css-av-2qc8bz-45dc7d8250d73ee4fef447343cb83c07\">\n#top .hr.av-2qc8bz-45dc7d8250d73ee4fef447343cb83c07{\nmargin-top:70px;\nmargin-bottom:30px;\n}\n.hr.av-2qc8bz-45dc7d8250d73ee4fef447343cb83c07 .hr-inner{\nwidth:90px;\nmax-width:45%;\n}\n.hr.av-2qc8bz-45dc7d8250d73ee4fef447343cb83c07 .av-seperator-icon{\ncolor:#bba5ce;\n}\n<\/style>\n<div  class='hr av-2qc8bz-45dc7d8250d73ee4fef447343cb83c07 hr-custom  avia-builder-el-24  el_after_av_textblock  avia-builder-el-last  hr-center hr-icon-yes'><span class='hr-inner inner-border-av-border-thin'><span class=\"hr-inner-style\"><\/span><\/span><span class='av-seperator-icon' aria-hidden='true' data-av_icon='\ue808' data-av_iconfont='entypo-fontello'><\/span><span class='hr-inner inner-border-av-border-thin'><span class=\"hr-inner-style\"><\/span><\/span><\/div>\n\n","protected":false},"excerpt":{"rendered":"","protected":false},"author":1,"featured_media":0,"parent":0,"menu_order":0,"comment_status":"closed","ping_status":"closed","template":"","meta":{"footnotes":""},"class_list":["post-3836","page","type-page","status-publish","hentry"],"aioseo_notices":[],"_links":{"self":[{"href":"https:\/\/stripclubsbarcelona.club\/es\/wp-json\/wp\/v2\/pages\/3836","targetHints":{"allow":["GET"]}}],"collection":[{"href":"https:\/\/stripclubsbarcelona.club\/es\/wp-json\/wp\/v2\/pages"}],"about":[{"href":"https:\/\/stripclubsbarcelona.club\/es\/wp-json\/wp\/v2\/types\/page"}],"author":[{"embeddable":true,"href":"https:\/\/stripclubsbarcelona.club\/es\/wp-json\/wp\/v2\/users\/1"}],"replies":[{"embeddable":true,"href":"https:\/\/stripclubsbarcelona.club\/es\/wp-json\/wp\/v2\/comments?post=3836"}],"version-history":[{"count":0,"href":"https:\/\/stripclubsbarcelona.club\/es\/wp-json\/wp\/v2\/pages\/3836\/revisions"}],"wp:attachment":[{"href":"https:\/\/stripclubsbarcelona.club\/es\/wp-json\/wp\/v2\/media?parent=3836"}],"curies":[{"name":"wp","href":"https:\/\/api.w.org\/{rel}","templated":true}]}}